{"id":551,"date":"2022-11-04T16:42:21","date_gmt":"2022-11-04T15:42:21","guid":{"rendered":"https:\/\/revelateurdevotretalent.com\/?page_id=551"},"modified":"2023-05-02T16:58:59","modified_gmt":"2023-05-02T14:58:59","slug":"presentations-videos","status":"publish","type":"page","link":"https:\/\/revelateurdevotretalent.com\/index.php\/presentations-videos\/","title":{"rendered":"Pr\u00e9sentations"},"content":{"rendered":"\t\t<div data-elementor-type=\"wp-page\" data-elementor-id=\"551\" class=\"elementor elementor-551\">\n\t\t\t\t\t\t<section class=\"elementor-section elementor-top-section elementor-element elementor-element-e95441b elementor-section-boxed elementor-section-height-default elementor-section-height-default\" data-id=\"e95441b\" data-element_type=\"section\">\n\t\t\t\t\t\t<div class=\"elementor-container elementor-column-gap-default\">\n\t\t\t\t\t<div class=\"elementor-column elementor-col-100 elementor-top-column elementor-element elementor-element-230b399\" data-id=\"230b399\" data-element_type=\"column\">\n\t\t\t<div class=\"elementor-widget-wrap elementor-element-populated\">\n\t\t\t\t\t\t<div class=\"elementor-element elementor-element-8339e89 elementor-widget elementor-widget-video\" data-id=\"8339e89\" data-element_type=\"widget\" data-settings=\"{&quot;youtube_url&quot;:&quot;https:\\\/\\\/youtu.be\\\/6bGO_H5N3Mo&quot;,&quot;video_type&quot;:&quot;youtube&quot;,&quot;controls&quot;:&quot;yes&quot;}\" data-widget_type=\"video.default\">\n\t\t\t\t<div class=\"elementor-widget-container\">\n\t\t\t\t\t<div class=\"elementor-wrapper elementor-open-inline\">\n\t\t\t<div class=\"elementor-video\"><\/div>\t\t<\/div>\n\t\t\t\t<\/div>\n\t\t\t\t<\/div>\n\t\t\t\t\t<\/div>\n\t\t<\/div>\n\t\t\t\t\t<\/div>\n\t\t<\/section>\n\t\t\t\t<section class=\"elementor-section elementor-top-section elementor-element elementor-element-adacf28 elementor-section-boxed elementor-section-height-default elementor-section-height-default\" data-id=\"adacf28\" data-element_type=\"section\">\n\t\t\t\t\t\t<div class=\"elementor-container elementor-column-gap-default\">\n\t\t\t\t\t<div class=\"elementor-column elementor-col-100 elementor-top-column elementor-element elementor-element-bcd9c6e\" data-id=\"bcd9c6e\" data-element_type=\"column\">\n\t\t\t<div class=\"elementor-widget-wrap elementor-element-populated\">\n\t\t\t\t\t\t<div class=\"elementor-element elementor-element-df5640f elementor-widget elementor-widget-video\" data-id=\"df5640f\" data-element_type=\"widget\" data-settings=\"{&quot;youtube_url&quot;:&quot;https:\\\/\\\/youtu.be\\\/0EmUR-SOEf8&quot;,&quot;loop&quot;:&quot;yes&quot;,&quot;video_type&quot;:&quot;youtube&quot;,&quot;controls&quot;:&quot;yes&quot;}\" data-widget_type=\"video.default\">\n\t\t\t\t<div class=\"elementor-widget-container\">\n\t\t\t\t\t<div class=\"elementor-wrapper elementor-open-inline\">\n\t\t\t<div class=\"elementor-video\"><\/div>\t\t<\/div>\n\t\t\t\t<\/div>\n\t\t\t\t<\/div>\n\t\t\t\t\t<\/div>\n\t\t<\/div>\n\t\t\t\t\t<\/div>\n\t\t<\/section>\n\t\t\t\t<\/div>\n\t\t","protected":false},"excerpt":{"rendered":"<p>https:\/\/youtu.be\/6bGO_H5N3Mohttps:\/\/youtu.be\/0EmUR-SOEf8<\/p>\n","protected":false},"author":1,"featured_media":0,"parent":0,"menu_order":0,"comment_status":"closed","ping_status":"closed","template":"","meta":{"footnotes":""},"yoast_head":"<!-- This site is optimized with the Yoast SEO plugin v22.5 - https:\/\/yoast.com\/wordpress\/plugins\/seo\/ -->\n<title>Pr\u00e9sentations - R\u00e9v\u00e9lateur de votre talent<\/title>\n<meta name=\"robots\" content=\"index, follow, max-snippet:-1, max-image-preview:large, max-video-preview:-1\" \/>\n<link rel=\"canonical\" href=\"https:\/\/revelateurdevotretalent.com\/index.php\/presentations-videos\/\" \/>\n<meta property=\"og:locale\" content=\"fr_FR\" \/>\n<meta property=\"og:type\" content=\"article\" \/>\n<meta property=\"og:title\" content=\"Pr\u00e9sentations - R\u00e9v\u00e9lateur de votre talent\" \/>\n<meta property=\"og:description\" content=\"https:\/\/youtu.be\/6bGO_H5N3Mohttps:\/\/youtu.be\/0EmUR-SOEf8\" \/>\n<meta property=\"og:url\" content=\"https:\/\/revelateurdevotretalent.com\/index.php\/presentations-videos\/\" \/>\n<meta property=\"og:site_name\" content=\"R\u00e9v\u00e9lateur de votre talent\" \/>\n<meta property=\"article:modified_time\" content=\"2023-05-02T14:58:59+00:00\" \/>\n<meta name=\"twitter:card\" content=\"summary_large_image\" \/>\n<script type=\"application\/ld+json\" class=\"yoast-schema-graph\">{\"@context\":\"https:\/\/schema.org\",\"@graph\":[{\"@type\":\"WebPage\",\"@id\":\"https:\/\/revelateurdevotretalent.com\/index.php\/presentations-videos\/\",\"url\":\"https:\/\/revelateurdevotretalent.com\/index.php\/presentations-videos\/\",\"name\":\"Pr\u00e9sentations - R\u00e9v\u00e9lateur de votre talent\",\"isPartOf\":{\"@id\":\"https:\/\/revelateurdevotretalent.com\/#website\"},\"datePublished\":\"2022-11-04T15:42:21+00:00\",\"dateModified\":\"2023-05-02T14:58:59+00:00\",\"breadcrumb\":{\"@id\":\"https:\/\/revelateurdevotretalent.com\/index.php\/presentations-videos\/#breadcrumb\"},\"inLanguage\":\"fr-FR\",\"potentialAction\":[{\"@type\":\"ReadAction\",\"target\":[\"https:\/\/revelateurdevotretalent.com\/index.php\/presentations-videos\/\"]}]},{\"@type\":\"BreadcrumbList\",\"@id\":\"https:\/\/revelateurdevotretalent.com\/index.php\/presentations-videos\/#breadcrumb\",\"itemListElement\":[{\"@type\":\"ListItem\",\"position\":1,\"name\":\"Accueil\",\"item\":\"https:\/\/revelateurdevotretalent.com\/\"},{\"@type\":\"ListItem\",\"position\":2,\"name\":\"Pr\u00e9sentations\"}]},{\"@type\":\"WebSite\",\"@id\":\"https:\/\/revelateurdevotretalent.com\/#website\",\"url\":\"https:\/\/revelateurdevotretalent.com\/\",\"name\":\"R\u00e9v\u00e9lateur de votre talent\",\"description\":\"Augmenter l&#039;efficacit\u00e9 de votre entreprise\",\"publisher\":{\"@id\":\"https:\/\/revelateurdevotretalent.com\/#organization\"},\"potentialAction\":[{\"@type\":\"SearchAction\",\"target\":{\"@type\":\"EntryPoint\",\"urlTemplate\":\"https:\/\/revelateurdevotretalent.com\/?s={search_term_string}\"},\"query-input\":\"required name=search_term_string\"}],\"inLanguage\":\"fr-FR\"},{\"@type\":\"Organization\",\"@id\":\"https:\/\/revelateurdevotretalent.com\/#organization\",\"name\":\"REVELATEUR DE VOTRE TALENT\",\"url\":\"https:\/\/revelateurdevotretalent.com\/\",\"logo\":{\"@type\":\"ImageObject\",\"inLanguage\":\"fr-FR\",\"@id\":\"https:\/\/revelateurdevotretalent.com\/#\/schema\/logo\/image\/\",\"url\":\"https:\/\/revelateurdevotretalent.com\/wp-content\/uploads\/2019\/10\/Capture-carte-visite-2.png\",\"contentUrl\":\"https:\/\/revelateurdevotretalent.com\/wp-content\/uploads\/2019\/10\/Capture-carte-visite-2.png\",\"width\":1307,\"height\":605,\"caption\":\"REVELATEUR DE VOTRE TALENT\"},\"image\":{\"@id\":\"https:\/\/revelateurdevotretalent.com\/#\/schema\/logo\/image\/\"}}]}<\/script>\n<!-- \/ Yoast SEO plugin. -->","yoast_head_json":{"title":"Pr\u00e9sentations - R\u00e9v\u00e9lateur de votre talent","robots":{"index":"index","follow":"follow","max-snippet":"max-snippet:-1","max-image-preview":"max-image-preview:large","max-video-preview":"max-video-preview:-1"},"canonical":"https:\/\/revelateurdevotretalent.com\/index.php\/presentations-videos\/","og_locale":"fr_FR","og_type":"article","og_title":"Pr\u00e9sentations - R\u00e9v\u00e9lateur de votre talent","og_description":"https:\/\/youtu.be\/6bGO_H5N3Mohttps:\/\/youtu.be\/0EmUR-SOEf8","og_url":"https:\/\/revelateurdevotretalent.com\/index.php\/presentations-videos\/","og_site_name":"R\u00e9v\u00e9lateur de votre talent","article_modified_time":"2023-05-02T14:58:59+00:00","twitter_card":"summary_large_image","schema":{"@context":"https:\/\/schema.org","@graph":[{"@type":"WebPage","@id":"https:\/\/revelateurdevotretalent.com\/index.php\/presentations-videos\/","url":"https:\/\/revelateurdevotretalent.com\/index.php\/presentations-videos\/","name":"Pr\u00e9sentations - R\u00e9v\u00e9lateur de votre talent","isPartOf":{"@id":"https:\/\/revelateurdevotretalent.com\/#website"},"datePublished":"2022-11-04T15:42:21+00:00","dateModified":"2023-05-02T14:58:59+00:00","breadcrumb":{"@id":"https:\/\/revelateurdevotretalent.com\/index.php\/presentations-videos\/#breadcrumb"},"inLanguage":"fr-FR","potentialAction":[{"@type":"ReadAction","target":["https:\/\/revelateurdevotretalent.com\/index.php\/presentations-videos\/"]}]},{"@type":"BreadcrumbList","@id":"https:\/\/revelateurdevotretalent.com\/index.php\/presentations-videos\/#breadcrumb","itemListElement":[{"@type":"ListItem","position":1,"name":"Accueil","item":"https:\/\/revelateurdevotretalent.com\/"},{"@type":"ListItem","position":2,"name":"Pr\u00e9sentations"}]},{"@type":"WebSite","@id":"https:\/\/revelateurdevotretalent.com\/#website","url":"https:\/\/revelateurdevotretalent.com\/","name":"R\u00e9v\u00e9lateur de votre talent","description":"Augmenter l&#039;efficacit\u00e9 de votre entreprise","publisher":{"@id":"https:\/\/revelateurdevotretalent.com\/#organization"},"potentialAction":[{"@type":"SearchAction","target":{"@type":"EntryPoint","urlTemplate":"https:\/\/revelateurdevotretalent.com\/?s={search_term_string}"},"query-input":"required name=search_term_string"}],"inLanguage":"fr-FR"},{"@type":"Organization","@id":"https:\/\/revelateurdevotretalent.com\/#organization","name":"REVELATEUR DE VOTRE TALENT","url":"https:\/\/revelateurdevotretalent.com\/","logo":{"@type":"ImageObject","inLanguage":"fr-FR","@id":"https:\/\/revelateurdevotretalent.com\/#\/schema\/logo\/image\/","url":"https:\/\/revelateurdevotretalent.com\/wp-content\/uploads\/2019\/10\/Capture-carte-visite-2.png","contentUrl":"https:\/\/revelateurdevotretalent.com\/wp-content\/uploads\/2019\/10\/Capture-carte-visite-2.png","width":1307,"height":605,"caption":"REVELATEUR DE VOTRE TALENT"},"image":{"@id":"https:\/\/revelateurdevotretalent.com\/#\/schema\/logo\/image\/"}}]}},"_links":{"self":[{"href":"https:\/\/revelateurdevotretalent.com\/index.php\/wp-json\/wp\/v2\/pages\/551"}],"collection":[{"href":"https:\/\/revelateurdevotretalent.com\/index.php\/wp-json\/wp\/v2\/pages"}],"about":[{"href":"https:\/\/revelateurdevotretalent.com\/index.php\/wp-json\/wp\/v2\/types\/page"}],"author":[{"embeddable":true,"href":"https:\/\/revelateurdevotretalent.com\/index.php\/wp-json\/wp\/v2\/users\/1"}],"replies":[{"embeddable":true,"href":"https:\/\/revelateurdevotretalent.com\/index.php\/wp-json\/wp\/v2\/comments?post=551"}],"version-history":[{"count":21,"href":"https:\/\/revelateurdevotretalent.com\/index.php\/wp-json\/wp\/v2\/pages\/551\/revisions"}],"predecessor-version":[{"id":584,"href":"https:\/\/revelateurdevotretalent.com\/index.php\/wp-json\/wp\/v2\/pages\/551\/revisions\/584"}],"wp:attachment":[{"href":"https:\/\/revelateurdevotretalent.com\/index.php\/wp-json\/wp\/v2\/media?parent=551"}],"curies":[{"name":"wp","href":"https:\/\/api.w.org\/{rel}","templated":true}]}}