{"id":372,"date":"2020-10-15T12:09:01","date_gmt":"2020-10-15T10:09:01","guid":{"rendered":"https:\/\/revelateurdevotretalent.com\/?page_id=372"},"modified":"2022-11-20T19:56:01","modified_gmt":"2022-11-20T18:56:01","slug":"comment","status":"publish","type":"page","link":"https:\/\/revelateurdevotretalent.com\/index.php\/comment\/","title":{"rendered":"Comment ?"},"content":{"rendered":"\t\t<div data-elementor-type=\"wp-page\" data-elementor-id=\"372\" class=\"elementor elementor-372\">\n\t\t\t\t\t\t<section class=\"elementor-section elementor-top-section elementor-element elementor-element-7c6e717f elementor-section-boxed elementor-section-height-default elementor-section-height-default\" data-id=\"7c6e717f\" data-element_type=\"section\">\n\t\t\t\t\t\t<div class=\"elementor-container elementor-column-gap-default\">\n\t\t\t\t\t<div class=\"elementor-column elementor-col-100 elementor-top-column elementor-element elementor-element-489b4fd1\" data-id=\"489b4fd1\" data-element_type=\"column\">\n\t\t\t<div class=\"elementor-widget-wrap elementor-element-populated\">\n\t\t\t\t\t\t<div class=\"elementor-element elementor-element-77c054a4 elementor-widget elementor-widget-text-editor\" data-id=\"77c054a4\" data-element_type=\"widget\" data-widget_type=\"text-editor.default\">\n\t\t\t\t<div class=\"elementor-widget-container\">\n\t\t\t\t\t\t\t<!-- wp:paragraph -->\n<p><strong><span style=\"color: #800000;\">J\u2019\u00e9change sur un\u00a0 besoin exprim\u00e9 par un entrepreneur quelque soit l\u2019occasion de cette rencontre.<\/span><\/strong><\/p>\n<p><span style=\"color: #800000;\"><!-- \/wp:paragraph --><!-- wp:paragraph --><\/span><\/p>\n<p><span style=\"color: #800000;\">Si mes comp\u00e9tences et mon exp\u00e9rience me semble pouvoir apporter une solution\u00a0 au besoin exprim\u00e9 je pr\u00e9sente lors d&rsquo;un RdV ma proposition d\u00e9taill\u00e9e.<\/span><\/p>\n<!-- \/wp:paragraph --><!-- wp:paragraph -->\n<p><span style=\"color: #000000;\">Si l\u2019entrepreneur confirme son int\u00e9r\u00eat alors je lui adresse une lettre de mission avec mon engagement sur l\u2019 objectif de la mission et les d\u00e9livrables associ\u00e9s.<\/span><\/p>\n<!-- \/wp:paragraph --><!-- wp:paragraph -->\n<p><strong><span style=\"color: #0000ff;\">Les sujets principaux de mes \u00e9changes sur les 3 ann\u00e9es de pr\u00e9sence sur le Morbihan :<\/span><\/strong><\/p>\n<p><span style=\"color: #0000ff;\"><!-- \/wp:paragraph --><!-- wp:paragraph --><\/span><\/p>\n<p style=\"padding-left: 40px;\"><span style=\"color: #0000ff;\">L\u2019unicit\u00e9 et le partage des donn\u00e9es informatiques.<\/span><\/p>\n<!-- \/wp:paragraph --><!-- wp:paragraph -->\n<p style=\"padding-left: 40px;\"><span style=\"color: #800000;\">La gestion du temps et la planification des t\u00e2ches.<\/span><\/p>\n<p><strong><span style=\"color: #0000ff;\"><!-- \/wp:paragraph --><!-- wp:paragraph --><\/span><\/strong><\/p>\n<p style=\"padding-left: 40px;\"><span style=\"color: #0000ff;\">L\u2019\u00e9laboration d\u2019outils d\u2019aide \u00e0 la d\u00e9cision.<\/span><\/p>\n<p><strong><span style=\"color: #0000ff;\"><!-- \/wp:paragraph --><!-- wp:paragraph --><\/span><\/strong><\/p>\n<p style=\"padding-left: 40px;\"><span style=\"color: #800000;\">L\u2019analyse de l\u2019organisation en place pour identifier les co\u00fbts cach\u00e9s.<\/span><\/p>\n<!-- \/wp:paragraph --><!-- wp:paragraph -->\n<p style=\"padding-left: 40px;\"><span style=\"color: #0000ff;\">Le suivi de la facturation et des impay\u00e9s.<\/span><\/p>\n<!-- \/wp:paragraph --><!-- wp:paragraph -->\n<p style=\"padding-left: 40px;\"><span style=\"color: #800000;\">L\u2019am\u00e9lioration des espaces de travail.<\/span><\/p>\n<!-- \/wp:paragraph --><!-- wp:paragraph -->\n<p style=\"padding-left: 40px;\"><span style=\"color: #0000ff;\">La r\u00e9daction de cahier des charges de consultation et de l\u2019\u00e9valuation associ\u00e9e.<\/span><\/p>\n<!-- \/wp:paragraph --><!-- wp:paragraph -->\n<p style=\"padding-left: 40px;\"><span style=\"color: #800000;\">La mise en place d\u2019un plan de maintenance pr\u00e9ventive des mat\u00e9riels &amp; outils.<\/span><\/p>\n<!-- \/wp:paragraph --><!-- wp:paragraph -->\n<p style=\"padding-left: 40px;\"><span style=\"color: #0000ff;\">La r\u00e9daction des processus existants et leur optimisation.<\/span><\/p>\n<!-- \/wp:paragraph -->\t\t\t\t\t\t<\/div>\n\t\t\t\t<\/div>\n\t\t\t\t\t<\/div>\n\t\t<\/div>\n\t\t\t\t\t<\/div>\n\t\t<\/section>\n\t\t\t\t<\/div>\n\t\t","protected":false},"excerpt":{"rendered":"<p>J\u2019\u00e9change sur un\u00a0 besoin exprim\u00e9 par un entrepreneur quelque soit l\u2019occasion de cette rencontre. Si mes comp\u00e9tences et mon exp\u00e9rience me semble pouvoir apporter une solution\u00a0 au besoin exprim\u00e9 je pr\u00e9sente lors d&rsquo;un RdV ma proposition d\u00e9taill\u00e9e. Si l\u2019entrepreneur confirme son int\u00e9r\u00eat alors je lui adresse une lettre de mission avec mon engagement sur l\u2019 &hellip; <\/p>\n<p class=\"link-more\"><a href=\"https:\/\/revelateurdevotretalent.com\/index.php\/comment\/\" class=\"more-link\">Continuer la lecture<span class=\"screen-reader-text\"> de &laquo;&nbsp;Comment ?&nbsp;&raquo;<\/span><\/a><\/p>\n","protected":false},"author":1,"featured_media":454,"parent":0,"menu_order":0,"comment_status":"closed","ping_status":"closed","template":"","meta":{"footnotes":""},"yoast_head":"<!-- This site is optimized with the Yoast SEO plugin v22.5 - https:\/\/yoast.com\/wordpress\/plugins\/seo\/ -->\n<title>Comment ? - R\u00e9v\u00e9lateur de votre talent - organisation - entreprise - cr\u00e9ation -<\/title>\n<meta name=\"description\" content=\"organisation entreprise - am\u00e9lioration continue - R\u00e9v\u00e9lateur de votre talent Comment ? cr\u00e9ation entreprise - morbihan - auray -\" \/>\n<meta name=\"robots\" content=\"index, follow, max-snippet:-1, max-image-preview:large, max-video-preview:-1\" \/>\n<link rel=\"canonical\" href=\"https:\/\/revelateurdevotretalent.com\/index.php\/comment\/\" \/>\n<meta property=\"og:locale\" content=\"fr_FR\" \/>\n<meta property=\"og:type\" content=\"article\" \/>\n<meta property=\"og:title\" content=\"Comment ? - R\u00e9v\u00e9lateur de votre talent - organisation - entreprise - cr\u00e9ation -\" \/>\n<meta property=\"og:description\" content=\"organisation entreprise - am\u00e9lioration continue - R\u00e9v\u00e9lateur de votre talent Comment ? cr\u00e9ation entreprise - morbihan - auray -\" \/>\n<meta property=\"og:url\" content=\"https:\/\/revelateurdevotretalent.com\/index.php\/comment\/\" \/>\n<meta property=\"og:site_name\" content=\"R\u00e9v\u00e9lateur de votre talent\" \/>\n<meta property=\"article:modified_time\" content=\"2022-11-20T18:56:01+00:00\" \/>\n<meta property=\"og:image\" content=\"https:\/\/revelateurdevotretalent.com\/wp-content\/uploads\/2022\/11\/Image1-CONTACT.png\" \/>\n\t<meta property=\"og:image:width\" content=\"1500\" \/>\n\t<meta property=\"og:image:height\" content=\"1125\" \/>\n\t<meta property=\"og:image:type\" content=\"image\/png\" \/>\n<meta name=\"twitter:card\" content=\"summary_large_image\" \/>\n<meta name=\"twitter:label1\" content=\"Dur\u00e9e de lecture estim\u00e9e\" \/>\n\t<meta name=\"twitter:data1\" content=\"1 minute\" \/>\n<script type=\"application\/ld+json\" class=\"yoast-schema-graph\">{\"@context\":\"https:\/\/schema.org\",\"@graph\":[{\"@type\":\"WebPage\",\"@id\":\"https:\/\/revelateurdevotretalent.com\/index.php\/comment\/\",\"url\":\"https:\/\/revelateurdevotretalent.com\/index.php\/comment\/\",\"name\":\"Comment ? - R\u00e9v\u00e9lateur de votre talent - organisation - entreprise - cr\u00e9ation -\",\"isPartOf\":{\"@id\":\"https:\/\/revelateurdevotretalent.com\/#website\"},\"primaryImageOfPage\":{\"@id\":\"https:\/\/revelateurdevotretalent.com\/index.php\/comment\/#primaryimage\"},\"image\":{\"@id\":\"https:\/\/revelateurdevotretalent.com\/index.php\/comment\/#primaryimage\"},\"thumbnailUrl\":\"https:\/\/revelateurdevotretalent.com\/wp-content\/uploads\/2022\/11\/Image1-CONTACT.png\",\"datePublished\":\"2020-10-15T10:09:01+00:00\",\"dateModified\":\"2022-11-20T18:56:01+00:00\",\"description\":\"organisation entreprise - am\u00e9lioration continue - R\u00e9v\u00e9lateur de votre talent Comment ? cr\u00e9ation entreprise - morbihan - auray -\",\"breadcrumb\":{\"@id\":\"https:\/\/revelateurdevotretalent.com\/index.php\/comment\/#breadcrumb\"},\"inLanguage\":\"fr-FR\",\"potentialAction\":[{\"@type\":\"ReadAction\",\"target\":[\"https:\/\/revelateurdevotretalent.com\/index.php\/comment\/\"]}]},{\"@type\":\"ImageObject\",\"inLanguage\":\"fr-FR\",\"@id\":\"https:\/\/revelateurdevotretalent.com\/index.php\/comment\/#primaryimage\",\"url\":\"https:\/\/revelateurdevotretalent.com\/wp-content\/uploads\/2022\/11\/Image1-CONTACT.png\",\"contentUrl\":\"https:\/\/revelateurdevotretalent.com\/wp-content\/uploads\/2022\/11\/Image1-CONTACT.png\",\"width\":1500,\"height\":1125},{\"@type\":\"BreadcrumbList\",\"@id\":\"https:\/\/revelateurdevotretalent.com\/index.php\/comment\/#breadcrumb\",\"itemListElement\":[{\"@type\":\"ListItem\",\"position\":1,\"name\":\"Accueil\",\"item\":\"https:\/\/revelateurdevotretalent.com\/\"},{\"@type\":\"ListItem\",\"position\":2,\"name\":\"Comment ?\"}]},{\"@type\":\"WebSite\",\"@id\":\"https:\/\/revelateurdevotretalent.com\/#website\",\"url\":\"https:\/\/revelateurdevotretalent.com\/\",\"name\":\"R\u00e9v\u00e9lateur de votre talent\",\"description\":\"Augmenter l&#039;efficacit\u00e9 de votre entreprise\",\"publisher\":{\"@id\":\"https:\/\/revelateurdevotretalent.com\/#organization\"},\"potentialAction\":[{\"@type\":\"SearchAction\",\"target\":{\"@type\":\"EntryPoint\",\"urlTemplate\":\"https:\/\/revelateurdevotretalent.com\/?s={search_term_string}\"},\"query-input\":\"required name=search_term_string\"}],\"inLanguage\":\"fr-FR\"},{\"@type\":\"Organization\",\"@id\":\"https:\/\/revelateurdevotretalent.com\/#organization\",\"name\":\"REVELATEUR DE VOTRE TALENT\",\"url\":\"https:\/\/revelateurdevotretalent.com\/\",\"logo\":{\"@type\":\"ImageObject\",\"inLanguage\":\"fr-FR\",\"@id\":\"https:\/\/revelateurdevotretalent.com\/#\/schema\/logo\/image\/\",\"url\":\"https:\/\/revelateurdevotretalent.com\/wp-content\/uploads\/2019\/10\/Capture-carte-visite-2.png\",\"contentUrl\":\"https:\/\/revelateurdevotretalent.com\/wp-content\/uploads\/2019\/10\/Capture-carte-visite-2.png\",\"width\":1307,\"height\":605,\"caption\":\"REVELATEUR DE VOTRE TALENT\"},\"image\":{\"@id\":\"https:\/\/revelateurdevotretalent.com\/#\/schema\/logo\/image\/\"}}]}<\/script>\n<!-- \/ Yoast SEO plugin. -->","yoast_head_json":{"title":"Comment ? - R\u00e9v\u00e9lateur de votre talent - organisation - entreprise - cr\u00e9ation -","description":"organisation entreprise - am\u00e9lioration continue - R\u00e9v\u00e9lateur de votre talent Comment ? cr\u00e9ation entreprise - morbihan - auray -","robots":{"index":"index","follow":"follow","max-snippet":"max-snippet:-1","max-image-preview":"max-image-preview:large","max-video-preview":"max-video-preview:-1"},"canonical":"https:\/\/revelateurdevotretalent.com\/index.php\/comment\/","og_locale":"fr_FR","og_type":"article","og_title":"Comment ? - R\u00e9v\u00e9lateur de votre talent - organisation - entreprise - cr\u00e9ation -","og_description":"organisation entreprise - am\u00e9lioration continue - R\u00e9v\u00e9lateur de votre talent Comment ? cr\u00e9ation entreprise - morbihan - auray -","og_url":"https:\/\/revelateurdevotretalent.com\/index.php\/comment\/","og_site_name":"R\u00e9v\u00e9lateur de votre talent","article_modified_time":"2022-11-20T18:56:01+00:00","og_image":[{"width":1500,"height":1125,"url":"https:\/\/revelateurdevotretalent.com\/wp-content\/uploads\/2022\/11\/Image1-CONTACT.png","type":"image\/png"}],"twitter_card":"summary_large_image","twitter_misc":{"Dur\u00e9e de lecture estim\u00e9e":"1 minute"},"schema":{"@context":"https:\/\/schema.org","@graph":[{"@type":"WebPage","@id":"https:\/\/revelateurdevotretalent.com\/index.php\/comment\/","url":"https:\/\/revelateurdevotretalent.com\/index.php\/comment\/","name":"Comment ? - R\u00e9v\u00e9lateur de votre talent - organisation - entreprise - cr\u00e9ation -","isPartOf":{"@id":"https:\/\/revelateurdevotretalent.com\/#website"},"primaryImageOfPage":{"@id":"https:\/\/revelateurdevotretalent.com\/index.php\/comment\/#primaryimage"},"image":{"@id":"https:\/\/revelateurdevotretalent.com\/index.php\/comment\/#primaryimage"},"thumbnailUrl":"https:\/\/revelateurdevotretalent.com\/wp-content\/uploads\/2022\/11\/Image1-CONTACT.png","datePublished":"2020-10-15T10:09:01+00:00","dateModified":"2022-11-20T18:56:01+00:00","description":"organisation entreprise - am\u00e9lioration continue - R\u00e9v\u00e9lateur de votre talent Comment ? cr\u00e9ation entreprise - morbihan - auray -","breadcrumb":{"@id":"https:\/\/revelateurdevotretalent.com\/index.php\/comment\/#breadcrumb"},"inLanguage":"fr-FR","potentialAction":[{"@type":"ReadAction","target":["https:\/\/revelateurdevotretalent.com\/index.php\/comment\/"]}]},{"@type":"ImageObject","inLanguage":"fr-FR","@id":"https:\/\/revelateurdevotretalent.com\/index.php\/comment\/#primaryimage","url":"https:\/\/revelateurdevotretalent.com\/wp-content\/uploads\/2022\/11\/Image1-CONTACT.png","contentUrl":"https:\/\/revelateurdevotretalent.com\/wp-content\/uploads\/2022\/11\/Image1-CONTACT.png","width":1500,"height":1125},{"@type":"BreadcrumbList","@id":"https:\/\/revelateurdevotretalent.com\/index.php\/comment\/#breadcrumb","itemListElement":[{"@type":"ListItem","position":1,"name":"Accueil","item":"https:\/\/revelateurdevotretalent.com\/"},{"@type":"ListItem","position":2,"name":"Comment ?"}]},{"@type":"WebSite","@id":"https:\/\/revelateurdevotretalent.com\/#website","url":"https:\/\/revelateurdevotretalent.com\/","name":"R\u00e9v\u00e9lateur de votre talent","description":"Augmenter l&#039;efficacit\u00e9 de votre entreprise","publisher":{"@id":"https:\/\/revelateurdevotretalent.com\/#organization"},"potentialAction":[{"@type":"SearchAction","target":{"@type":"EntryPoint","urlTemplate":"https:\/\/revelateurdevotretalent.com\/?s={search_term_string}"},"query-input":"required name=search_term_string"}],"inLanguage":"fr-FR"},{"@type":"Organization","@id":"https:\/\/revelateurdevotretalent.com\/#organization","name":"REVELATEUR DE VOTRE TALENT","url":"https:\/\/revelateurdevotretalent.com\/","logo":{"@type":"ImageObject","inLanguage":"fr-FR","@id":"https:\/\/revelateurdevotretalent.com\/#\/schema\/logo\/image\/","url":"https:\/\/revelateurdevotretalent.com\/wp-content\/uploads\/2019\/10\/Capture-carte-visite-2.png","contentUrl":"https:\/\/revelateurdevotretalent.com\/wp-content\/uploads\/2019\/10\/Capture-carte-visite-2.png","width":1307,"height":605,"caption":"REVELATEUR DE VOTRE TALENT"},"image":{"@id":"https:\/\/revelateurdevotretalent.com\/#\/schema\/logo\/image\/"}}]}},"_links":{"self":[{"href":"https:\/\/revelateurdevotretalent.com\/index.php\/wp-json\/wp\/v2\/pages\/372"}],"collection":[{"href":"https:\/\/revelateurdevotretalent.com\/index.php\/wp-json\/wp\/v2\/pages"}],"about":[{"href":"https:\/\/revelateurdevotretalent.com\/index.php\/wp-json\/wp\/v2\/types\/page"}],"author":[{"embeddable":true,"href":"https:\/\/revelateurdevotretalent.com\/index.php\/wp-json\/wp\/v2\/users\/1"}],"replies":[{"embeddable":true,"href":"https:\/\/revelateurdevotretalent.com\/index.php\/wp-json\/wp\/v2\/comments?post=372"}],"version-history":[{"count":26,"href":"https:\/\/revelateurdevotretalent.com\/index.php\/wp-json\/wp\/v2\/pages\/372\/revisions"}],"predecessor-version":[{"id":577,"href":"https:\/\/revelateurdevotretalent.com\/index.php\/wp-json\/wp\/v2\/pages\/372\/revisions\/577"}],"wp:featuredmedia":[{"embeddable":true,"href":"https:\/\/revelateurdevotretalent.com\/index.php\/wp-json\/wp\/v2\/media\/454"}],"wp:attachment":[{"href":"https:\/\/revelateurdevotretalent.com\/index.php\/wp-json\/wp\/v2\/media?parent=372"}],"curies":[{"name":"wp","href":"https:\/\/api.w.org\/{rel}","templated":true}]}}