{"id":311,"date":"2019-11-28T16:15:56","date_gmt":"2019-11-28T15:15:56","guid":{"rendered":"https:\/\/revelateurdevotretalent.com\/?page_id=311"},"modified":"2022-11-04T15:54:56","modified_gmt":"2022-11-04T14:54:56","slug":"pour-qui","status":"publish","type":"page","link":"https:\/\/revelateurdevotretalent.com\/index.php\/pour-qui\/","title":{"rendered":"Pour Qui ?"},"content":{"rendered":"\t\t<div data-elementor-type=\"wp-page\" data-elementor-id=\"311\" class=\"elementor elementor-311\">\n\t\t\t\t\t\t<section class=\"elementor-section elementor-top-section elementor-element elementor-element-3fc77f0c elementor-section-boxed elementor-section-height-default elementor-section-height-default\" data-id=\"3fc77f0c\" data-element_type=\"section\">\n\t\t\t\t\t\t<div class=\"elementor-container elementor-column-gap-default\">\n\t\t\t\t\t<div class=\"elementor-column elementor-col-100 elementor-top-column elementor-element elementor-element-2a5b2881\" data-id=\"2a5b2881\" data-element_type=\"column\">\n\t\t\t<div class=\"elementor-widget-wrap elementor-element-populated\">\n\t\t\t\t\t\t<div class=\"elementor-element elementor-element-5316b95a elementor-widget elementor-widget-text-editor\" data-id=\"5316b95a\" data-element_type=\"widget\" data-widget_type=\"text-editor.default\">\n\t\t\t\t<div class=\"elementor-widget-container\">\n\t\t\t\t\t\t\t<p><!-- wp:paragraph --><\/p>\n<p><span style=\"color: #0000ff;\">Tout entrepreneur (profession lib\u00e9rale, TPE, PME) peut avoir besoin d\u2019\u00eatre accompagner, par un \u0153il professionnel ext\u00e9rieur, dans sa d\u00e9marche d\u2019am\u00e9lioration, de changement ou d\u2019adaptation de son entreprise.<\/span><\/p>\n<p><!-- \/wp:paragraph --><!-- wp:paragraph --><\/p>\n<p><span style=\"color: #000000;\">Je vous apporte mon savoir-faire pour augmenter l\u2019efficacit\u00e9 de votre Entreprise et lib\u00e9rer ainsi de votre temps pour :<\/span><\/p>\n<p><span style=\"color: #000000;\"><!-- \/wp:paragraph --><!-- wp:paragraph --><\/span><\/p>\n<p><span style=\"color: #000000;\">Vous consacrer \u00e0 Votre savoir-faire\u2026<\/span><span style=\"color: #0000ff;\"> <strong>Votre Talent<\/strong><\/span><\/p>\n<p><!-- \/wp:paragraph --><!-- wp:paragraph --><\/p>\n<p><span style=\"color: #000000;\">Mais aussi \u00e0 :<\/span><\/p>\n<p><span style=\"color: #000000;\"><!-- \/wp:paragraph --><!-- wp:paragraph --><\/span><\/p>\n<p><span style=\"color: #000000;\">Vous amener vers de<\/span> <span style=\"color: #0000ff;\"><strong>nouveaux Talents<\/strong><\/span><\/p>\n<p><!-- \/wp:paragraph --><\/p>\t\t\t\t\t\t<\/div>\n\t\t\t\t<\/div>\n\t\t\t\t\t<\/div>\n\t\t<\/div>\n\t\t\t\t\t<\/div>\n\t\t<\/section>\n\t\t\t\t<\/div>\n\t\t","protected":false},"excerpt":{"rendered":"<p>Tout entrepreneur (profession lib\u00e9rale, TPE, PME) peut avoir besoin d\u2019\u00eatre accompagner, par un \u0153il professionnel ext\u00e9rieur, dans sa d\u00e9marche d\u2019am\u00e9lioration, de changement ou d\u2019adaptation de son entreprise. Je vous apporte mon savoir-faire pour augmenter l\u2019efficacit\u00e9 de votre Entreprise et lib\u00e9rer ainsi de votre temps pour : Vous consacrer \u00e0 Votre savoir-faire\u2026 Votre Talent Mais aussi &hellip; <\/p>\n<p class=\"link-more\"><a href=\"https:\/\/revelateurdevotretalent.com\/index.php\/pour-qui\/\" class=\"more-link\">Continuer la lecture<span class=\"screen-reader-text\"> de &laquo;&nbsp;Pour Qui ?&nbsp;&raquo;<\/span><\/a><\/p>\n","protected":false},"author":1,"featured_media":453,"parent":0,"menu_order":0,"comment_status":"closed","ping_status":"closed","template":"","meta":{"footnotes":""},"yoast_head":"<!-- This site is optimized with the Yoast SEO plugin v22.5 - https:\/\/yoast.com\/wordpress\/plugins\/seo\/ -->\n<title>Pour Qui ? - R\u00e9v\u00e9lateur de votre talent - am\u00e9lioration continue - progr\u00e8s continue - bretagne - morbihan - auray<\/title>\n<meta name=\"description\" content=\"Pour Qui ? R\u00e9v\u00e9lateur de votre talent\" \/>\n<meta name=\"robots\" content=\"index, follow, max-snippet:-1, max-image-preview:large, max-video-preview:-1\" \/>\n<link rel=\"canonical\" href=\"https:\/\/revelateurdevotretalent.com\/index.php\/pour-qui\/\" \/>\n<meta property=\"og:locale\" content=\"fr_FR\" \/>\n<meta property=\"og:type\" content=\"article\" \/>\n<meta property=\"og:title\" content=\"Pour Qui ? - R\u00e9v\u00e9lateur de votre talent - am\u00e9lioration continue - progr\u00e8s continue - bretagne - morbihan - auray\" \/>\n<meta property=\"og:description\" content=\"Pour Qui ? R\u00e9v\u00e9lateur de votre talent\" \/>\n<meta property=\"og:url\" content=\"https:\/\/revelateurdevotretalent.com\/index.php\/pour-qui\/\" \/>\n<meta property=\"og:site_name\" content=\"R\u00e9v\u00e9lateur de votre talent\" \/>\n<meta property=\"article:modified_time\" content=\"2022-11-04T14:54:56+00:00\" \/>\n<meta property=\"og:image\" content=\"https:\/\/revelateurdevotretalent.com\/wp-content\/uploads\/2022\/11\/Revelateur-2-rev01.png\" \/>\n\t<meta property=\"og:image:width\" content=\"1500\" \/>\n\t<meta property=\"og:image:height\" content=\"1125\" \/>\n\t<meta property=\"og:image:type\" content=\"image\/png\" \/>\n<meta name=\"twitter:card\" content=\"summary_large_image\" \/>\n<meta name=\"twitter:label1\" content=\"Dur\u00e9e de lecture estim\u00e9e\" \/>\n\t<meta name=\"twitter:data1\" content=\"1 minute\" \/>\n<script type=\"application\/ld+json\" class=\"yoast-schema-graph\">{\"@context\":\"https:\/\/schema.org\",\"@graph\":[{\"@type\":\"WebPage\",\"@id\":\"https:\/\/revelateurdevotretalent.com\/index.php\/pour-qui\/\",\"url\":\"https:\/\/revelateurdevotretalent.com\/index.php\/pour-qui\/\",\"name\":\"Pour Qui ? - R\u00e9v\u00e9lateur de votre talent - am\u00e9lioration continue - progr\u00e8s continue - bretagne - morbihan - auray\",\"isPartOf\":{\"@id\":\"https:\/\/revelateurdevotretalent.com\/#website\"},\"primaryImageOfPage\":{\"@id\":\"https:\/\/revelateurdevotretalent.com\/index.php\/pour-qui\/#primaryimage\"},\"image\":{\"@id\":\"https:\/\/revelateurdevotretalent.com\/index.php\/pour-qui\/#primaryimage\"},\"thumbnailUrl\":\"https:\/\/revelateurdevotretalent.com\/wp-content\/uploads\/2022\/11\/Revelateur-2-rev01.png\",\"datePublished\":\"2019-11-28T15:15:56+00:00\",\"dateModified\":\"2022-11-04T14:54:56+00:00\",\"description\":\"Pour Qui ? R\u00e9v\u00e9lateur de votre talent\",\"breadcrumb\":{\"@id\":\"https:\/\/revelateurdevotretalent.com\/index.php\/pour-qui\/#breadcrumb\"},\"inLanguage\":\"fr-FR\",\"potentialAction\":[{\"@type\":\"ReadAction\",\"target\":[\"https:\/\/revelateurdevotretalent.com\/index.php\/pour-qui\/\"]}]},{\"@type\":\"ImageObject\",\"inLanguage\":\"fr-FR\",\"@id\":\"https:\/\/revelateurdevotretalent.com\/index.php\/pour-qui\/#primaryimage\",\"url\":\"https:\/\/revelateurdevotretalent.com\/wp-content\/uploads\/2022\/11\/Revelateur-2-rev01.png\",\"contentUrl\":\"https:\/\/revelateurdevotretalent.com\/wp-content\/uploads\/2022\/11\/Revelateur-2-rev01.png\",\"width\":1500,\"height\":1125},{\"@type\":\"BreadcrumbList\",\"@id\":\"https:\/\/revelateurdevotretalent.com\/index.php\/pour-qui\/#breadcrumb\",\"itemListElement\":[{\"@type\":\"ListItem\",\"position\":1,\"name\":\"Accueil\",\"item\":\"https:\/\/revelateurdevotretalent.com\/\"},{\"@type\":\"ListItem\",\"position\":2,\"name\":\"Pour Qui ?\"}]},{\"@type\":\"WebSite\",\"@id\":\"https:\/\/revelateurdevotretalent.com\/#website\",\"url\":\"https:\/\/revelateurdevotretalent.com\/\",\"name\":\"R\u00e9v\u00e9lateur de votre talent\",\"description\":\"Augmenter l&#039;efficacit\u00e9 de votre entreprise\",\"publisher\":{\"@id\":\"https:\/\/revelateurdevotretalent.com\/#organization\"},\"potentialAction\":[{\"@type\":\"SearchAction\",\"target\":{\"@type\":\"EntryPoint\",\"urlTemplate\":\"https:\/\/revelateurdevotretalent.com\/?s={search_term_string}\"},\"query-input\":\"required name=search_term_string\"}],\"inLanguage\":\"fr-FR\"},{\"@type\":\"Organization\",\"@id\":\"https:\/\/revelateurdevotretalent.com\/#organization\",\"name\":\"REVELATEUR DE VOTRE TALENT\",\"url\":\"https:\/\/revelateurdevotretalent.com\/\",\"logo\":{\"@type\":\"ImageObject\",\"inLanguage\":\"fr-FR\",\"@id\":\"https:\/\/revelateurdevotretalent.com\/#\/schema\/logo\/image\/\",\"url\":\"https:\/\/revelateurdevotretalent.com\/wp-content\/uploads\/2019\/10\/Capture-carte-visite-2.png\",\"contentUrl\":\"https:\/\/revelateurdevotretalent.com\/wp-content\/uploads\/2019\/10\/Capture-carte-visite-2.png\",\"width\":1307,\"height\":605,\"caption\":\"REVELATEUR DE VOTRE TALENT\"},\"image\":{\"@id\":\"https:\/\/revelateurdevotretalent.com\/#\/schema\/logo\/image\/\"}}]}<\/script>\n<!-- \/ Yoast SEO plugin. -->","yoast_head_json":{"title":"Pour Qui ? - R\u00e9v\u00e9lateur de votre talent - am\u00e9lioration continue - progr\u00e8s continue - bretagne - morbihan - auray","description":"Pour Qui ? R\u00e9v\u00e9lateur de votre talent","robots":{"index":"index","follow":"follow","max-snippet":"max-snippet:-1","max-image-preview":"max-image-preview:large","max-video-preview":"max-video-preview:-1"},"canonical":"https:\/\/revelateurdevotretalent.com\/index.php\/pour-qui\/","og_locale":"fr_FR","og_type":"article","og_title":"Pour Qui ? - R\u00e9v\u00e9lateur de votre talent - am\u00e9lioration continue - progr\u00e8s continue - bretagne - morbihan - auray","og_description":"Pour Qui ? R\u00e9v\u00e9lateur de votre talent","og_url":"https:\/\/revelateurdevotretalent.com\/index.php\/pour-qui\/","og_site_name":"R\u00e9v\u00e9lateur de votre talent","article_modified_time":"2022-11-04T14:54:56+00:00","og_image":[{"width":1500,"height":1125,"url":"https:\/\/revelateurdevotretalent.com\/wp-content\/uploads\/2022\/11\/Revelateur-2-rev01.png","type":"image\/png"}],"twitter_card":"summary_large_image","twitter_misc":{"Dur\u00e9e de lecture estim\u00e9e":"1 minute"},"schema":{"@context":"https:\/\/schema.org","@graph":[{"@type":"WebPage","@id":"https:\/\/revelateurdevotretalent.com\/index.php\/pour-qui\/","url":"https:\/\/revelateurdevotretalent.com\/index.php\/pour-qui\/","name":"Pour Qui ? - R\u00e9v\u00e9lateur de votre talent - am\u00e9lioration continue - progr\u00e8s continue - bretagne - morbihan - auray","isPartOf":{"@id":"https:\/\/revelateurdevotretalent.com\/#website"},"primaryImageOfPage":{"@id":"https:\/\/revelateurdevotretalent.com\/index.php\/pour-qui\/#primaryimage"},"image":{"@id":"https:\/\/revelateurdevotretalent.com\/index.php\/pour-qui\/#primaryimage"},"thumbnailUrl":"https:\/\/revelateurdevotretalent.com\/wp-content\/uploads\/2022\/11\/Revelateur-2-rev01.png","datePublished":"2019-11-28T15:15:56+00:00","dateModified":"2022-11-04T14:54:56+00:00","description":"Pour Qui ? R\u00e9v\u00e9lateur de votre talent","breadcrumb":{"@id":"https:\/\/revelateurdevotretalent.com\/index.php\/pour-qui\/#breadcrumb"},"inLanguage":"fr-FR","potentialAction":[{"@type":"ReadAction","target":["https:\/\/revelateurdevotretalent.com\/index.php\/pour-qui\/"]}]},{"@type":"ImageObject","inLanguage":"fr-FR","@id":"https:\/\/revelateurdevotretalent.com\/index.php\/pour-qui\/#primaryimage","url":"https:\/\/revelateurdevotretalent.com\/wp-content\/uploads\/2022\/11\/Revelateur-2-rev01.png","contentUrl":"https:\/\/revelateurdevotretalent.com\/wp-content\/uploads\/2022\/11\/Revelateur-2-rev01.png","width":1500,"height":1125},{"@type":"BreadcrumbList","@id":"https:\/\/revelateurdevotretalent.com\/index.php\/pour-qui\/#breadcrumb","itemListElement":[{"@type":"ListItem","position":1,"name":"Accueil","item":"https:\/\/revelateurdevotretalent.com\/"},{"@type":"ListItem","position":2,"name":"Pour Qui ?"}]},{"@type":"WebSite","@id":"https:\/\/revelateurdevotretalent.com\/#website","url":"https:\/\/revelateurdevotretalent.com\/","name":"R\u00e9v\u00e9lateur de votre talent","description":"Augmenter l&#039;efficacit\u00e9 de votre entreprise","publisher":{"@id":"https:\/\/revelateurdevotretalent.com\/#organization"},"potentialAction":[{"@type":"SearchAction","target":{"@type":"EntryPoint","urlTemplate":"https:\/\/revelateurdevotretalent.com\/?s={search_term_string}"},"query-input":"required name=search_term_string"}],"inLanguage":"fr-FR"},{"@type":"Organization","@id":"https:\/\/revelateurdevotretalent.com\/#organization","name":"REVELATEUR DE VOTRE TALENT","url":"https:\/\/revelateurdevotretalent.com\/","logo":{"@type":"ImageObject","inLanguage":"fr-FR","@id":"https:\/\/revelateurdevotretalent.com\/#\/schema\/logo\/image\/","url":"https:\/\/revelateurdevotretalent.com\/wp-content\/uploads\/2019\/10\/Capture-carte-visite-2.png","contentUrl":"https:\/\/revelateurdevotretalent.com\/wp-content\/uploads\/2019\/10\/Capture-carte-visite-2.png","width":1307,"height":605,"caption":"REVELATEUR DE VOTRE TALENT"},"image":{"@id":"https:\/\/revelateurdevotretalent.com\/#\/schema\/logo\/image\/"}}]}},"_links":{"self":[{"href":"https:\/\/revelateurdevotretalent.com\/index.php\/wp-json\/wp\/v2\/pages\/311"}],"collection":[{"href":"https:\/\/revelateurdevotretalent.com\/index.php\/wp-json\/wp\/v2\/pages"}],"about":[{"href":"https:\/\/revelateurdevotretalent.com\/index.php\/wp-json\/wp\/v2\/types\/page"}],"author":[{"embeddable":true,"href":"https:\/\/revelateurdevotretalent.com\/index.php\/wp-json\/wp\/v2\/users\/1"}],"replies":[{"embeddable":true,"href":"https:\/\/revelateurdevotretalent.com\/index.php\/wp-json\/wp\/v2\/comments?post=311"}],"version-history":[{"count":10,"href":"https:\/\/revelateurdevotretalent.com\/index.php\/wp-json\/wp\/v2\/pages\/311\/revisions"}],"predecessor-version":[{"id":493,"href":"https:\/\/revelateurdevotretalent.com\/index.php\/wp-json\/wp\/v2\/pages\/311\/revisions\/493"}],"wp:featuredmedia":[{"embeddable":true,"href":"https:\/\/revelateurdevotretalent.com\/index.php\/wp-json\/wp\/v2\/media\/453"}],"wp:attachment":[{"href":"https:\/\/revelateurdevotretalent.com\/index.php\/wp-json\/wp\/v2\/media?parent=311"}],"curies":[{"name":"wp","href":"https:\/\/api.w.org\/{rel}","templated":true}]}}