{"id":22,"date":"2019-09-24T18:49:51","date_gmt":"2019-09-24T16:49:51","guid":{"rendered":"http:\/\/revelateurdevotretalent.com\/?page_id=22"},"modified":"2022-11-04T16:34:40","modified_gmt":"2022-11-04T15:34:40","slug":"par-qui","status":"publish","type":"page","link":"https:\/\/revelateurdevotretalent.com\/index.php\/par-qui\/","title":{"rendered":"Par Qui ?"},"content":{"rendered":"\t\t<div data-elementor-type=\"wp-page\" data-elementor-id=\"22\" class=\"elementor elementor-22\">\n\t\t\t\t\t\t<section class=\"elementor-section elementor-top-section elementor-element elementor-element-e259b9d elementor-section-boxed elementor-section-height-default elementor-section-height-default\" data-id=\"e259b9d\" data-element_type=\"section\">\n\t\t\t\t\t\t<div class=\"elementor-container elementor-column-gap-default\">\n\t\t\t\t\t<div class=\"elementor-column elementor-col-100 elementor-top-column elementor-element elementor-element-2320c4e\" data-id=\"2320c4e\" data-element_type=\"column\">\n\t\t\t<div class=\"elementor-widget-wrap elementor-element-populated\">\n\t\t\t\t\t\t<div class=\"elementor-element elementor-element-4bfc8cc elementor-widget elementor-widget-text-editor\" data-id=\"4bfc8cc\" data-element_type=\"widget\" data-settings=\"{&quot;_animation&quot;:&quot;none&quot;}\" data-widget_type=\"text-editor.default\">\n\t\t\t\t<div class=\"elementor-widget-container\">\n\t\t\t\t\t\t\t<p><span style=\"color: #800000;\">Je suis passionn\u00e9 par mon travail\u2026<\/span><\/p>\n<p><span style=\"color: #800000;\">Je suis curieux\u2026<\/span><\/p>\n<p><span style=\"color: #800000;\">Je suis pers\u00e9v\u00e9rant\u2026<\/span><\/p>\n<p><span style=\"color: #800000;\">J\u2019aime la contradiction\u2026<\/span><\/p>\n<p><span style=\"color: #800000;\">Je sais dire \u00ab <i>je ne sais pas faire\u00a0\u2026<\/i>\u00bb<\/span><\/p>\n<p><span style=\"color: #800000;\">Je suis aussi un cr\u00e9ateur de bonne humeur\u2026<\/span><\/p>\t\t\t\t\t\t<\/div>\n\t\t\t\t<\/div>\n\t\t\t\t\t<\/div>\n\t\t<\/div>\n\t\t\t\t\t<\/div>\n\t\t<\/section>\n\t\t\t\t<section class=\"elementor-section elementor-top-section elementor-element elementor-element-3efbf6f elementor-section-boxed elementor-section-height-default elementor-section-height-default\" data-id=\"3efbf6f\" data-element_type=\"section\">\n\t\t\t\t\t\t<div class=\"elementor-container elementor-column-gap-default\">\n\t\t\t\t\t<div class=\"elementor-column elementor-col-100 elementor-top-column elementor-element elementor-element-53cfbb5\" data-id=\"53cfbb5\" data-element_type=\"column\">\n\t\t\t<div class=\"elementor-widget-wrap elementor-element-populated\">\n\t\t\t\t\t\t<div class=\"elementor-element elementor-element-f90ff04 elementor-widget elementor-widget-text-editor\" data-id=\"f90ff04\" data-element_type=\"widget\" data-settings=\"{&quot;_animation&quot;:&quot;none&quot;}\" data-widget_type=\"text-editor.default\">\n\t\t\t\t<div class=\"elementor-widget-container\">\n\t\t\t\t\t\t\t<p><span style=\"color: #0000ff;\">Je poss\u00e8de un vrai savoir-faire bas\u00e9 sur un parcours professionnel riche d&rsquo;une trentaine d&rsquo;ann\u00e9es dans l&rsquo;industrie automobile.<\/span><\/p>\n<p><span style=\"color: #0000ff;\">J&rsquo;ai acquis et mis en pratique de nombreux outils et m\u00e9thodes tr\u00e8s pertinents pour comprendre et \u00e9valuer le fonctionnement d&rsquo;une entreprise.<\/span><\/p>\n<p><span style=\"color: #0000ff;\">J\u2019ai contribu\u00e9 a de nombreuses am\u00e9liorations et \u00e0 de beaux succ\u00e8s.<\/span><\/p>\t\t\t\t\t\t<\/div>\n\t\t\t\t<\/div>\n\t\t\t\t\t<\/div>\n\t\t<\/div>\n\t\t\t\t\t<\/div>\n\t\t<\/section>\n\t\t\t\t<\/div>\n\t\t","protected":false},"excerpt":{"rendered":"<p>Je suis passionn\u00e9 par mon travail\u2026 Je suis curieux\u2026 Je suis pers\u00e9v\u00e9rant\u2026 J\u2019aime la contradiction\u2026 Je sais dire \u00ab je ne sais pas faire\u00a0\u2026\u00bb Je suis aussi un cr\u00e9ateur de bonne humeur\u2026 Je poss\u00e8de un vrai savoir-faire bas\u00e9 sur un parcours professionnel riche d&rsquo;une trentaine d&rsquo;ann\u00e9es dans l&rsquo;industrie automobile. J&rsquo;ai acquis et mis en pratique &hellip; <\/p>\n<p class=\"link-more\"><a href=\"https:\/\/revelateurdevotretalent.com\/index.php\/par-qui\/\" class=\"more-link\">Continuer la lecture<span class=\"screen-reader-text\"> de &laquo;&nbsp;Par Qui ?&nbsp;&raquo;<\/span><\/a><\/p>\n","protected":false},"author":1,"featured_media":451,"parent":0,"menu_order":0,"comment_status":"closed","ping_status":"closed","template":"","meta":{"footnotes":""},"yoast_head":"<!-- This site is optimized with the Yoast SEO plugin v22.5 - https:\/\/yoast.com\/wordpress\/plugins\/seo\/ -->\n<title>R\u00e9v\u00e9lateur de votre talent Par Qui ?<\/title>\n<meta name=\"description\" content=\"conseil - am\u00e9lioration continue - passionn\u00e9 - pers\u00e9v\u00e9rant - curieux - cr\u00e9ateur de bonne humeur - Par Qui ? - R\u00e9v\u00e9lateur de votre talent - morbihan - bretagne - auray\" \/>\n<meta name=\"robots\" content=\"index, follow, max-snippet:-1, max-image-preview:large, max-video-preview:-1\" \/>\n<link rel=\"canonical\" href=\"https:\/\/revelateurdevotretalent.com\/index.php\/par-qui\/\" \/>\n<meta property=\"og:locale\" content=\"fr_FR\" \/>\n<meta property=\"og:type\" content=\"article\" \/>\n<meta property=\"og:title\" content=\"R\u00e9v\u00e9lateur de votre talent Par Qui ?\" \/>\n<meta property=\"og:description\" content=\"conseil - am\u00e9lioration continue - passionn\u00e9 - pers\u00e9v\u00e9rant - curieux - cr\u00e9ateur de bonne humeur - Par Qui ? - R\u00e9v\u00e9lateur de votre talent - morbihan - bretagne - auray\" \/>\n<meta property=\"og:url\" content=\"https:\/\/revelateurdevotretalent.com\/index.php\/par-qui\/\" \/>\n<meta property=\"og:site_name\" content=\"R\u00e9v\u00e9lateur de votre talent\" \/>\n<meta property=\"article:modified_time\" content=\"2022-11-04T15:34:40+00:00\" \/>\n<meta property=\"og:image\" content=\"https:\/\/revelateurdevotretalent.com\/wp-content\/uploads\/2022\/11\/Revelateur-1-rev01.png\" \/>\n\t<meta property=\"og:image:width\" content=\"1500\" \/>\n\t<meta property=\"og:image:height\" content=\"1125\" \/>\n\t<meta property=\"og:image:type\" content=\"image\/png\" \/>\n<meta name=\"twitter:card\" content=\"summary_large_image\" \/>\n<meta name=\"twitter:label1\" content=\"Dur\u00e9e de lecture estim\u00e9e\" \/>\n\t<meta name=\"twitter:data1\" content=\"1 minute\" \/>\n<script type=\"application\/ld+json\" class=\"yoast-schema-graph\">{\"@context\":\"https:\/\/schema.org\",\"@graph\":[{\"@type\":\"WebPage\",\"@id\":\"https:\/\/revelateurdevotretalent.com\/index.php\/par-qui\/\",\"url\":\"https:\/\/revelateurdevotretalent.com\/index.php\/par-qui\/\",\"name\":\"R\u00e9v\u00e9lateur de votre talent Par Qui ?\",\"isPartOf\":{\"@id\":\"https:\/\/revelateurdevotretalent.com\/#website\"},\"primaryImageOfPage\":{\"@id\":\"https:\/\/revelateurdevotretalent.com\/index.php\/par-qui\/#primaryimage\"},\"image\":{\"@id\":\"https:\/\/revelateurdevotretalent.com\/index.php\/par-qui\/#primaryimage\"},\"thumbnailUrl\":\"https:\/\/revelateurdevotretalent.com\/wp-content\/uploads\/2022\/11\/Revelateur-1-rev01.png\",\"datePublished\":\"2019-09-24T16:49:51+00:00\",\"dateModified\":\"2022-11-04T15:34:40+00:00\",\"description\":\"conseil - am\u00e9lioration continue - passionn\u00e9 - pers\u00e9v\u00e9rant - curieux - cr\u00e9ateur de bonne humeur - Par Qui ? - R\u00e9v\u00e9lateur de votre talent - morbihan - bretagne - auray\",\"breadcrumb\":{\"@id\":\"https:\/\/revelateurdevotretalent.com\/index.php\/par-qui\/#breadcrumb\"},\"inLanguage\":\"fr-FR\",\"potentialAction\":[{\"@type\":\"ReadAction\",\"target\":[\"https:\/\/revelateurdevotretalent.com\/index.php\/par-qui\/\"]}]},{\"@type\":\"ImageObject\",\"inLanguage\":\"fr-FR\",\"@id\":\"https:\/\/revelateurdevotretalent.com\/index.php\/par-qui\/#primaryimage\",\"url\":\"https:\/\/revelateurdevotretalent.com\/wp-content\/uploads\/2022\/11\/Revelateur-1-rev01.png\",\"contentUrl\":\"https:\/\/revelateurdevotretalent.com\/wp-content\/uploads\/2022\/11\/Revelateur-1-rev01.png\",\"width\":1500,\"height\":1125},{\"@type\":\"BreadcrumbList\",\"@id\":\"https:\/\/revelateurdevotretalent.com\/index.php\/par-qui\/#breadcrumb\",\"itemListElement\":[{\"@type\":\"ListItem\",\"position\":1,\"name\":\"Accueil\",\"item\":\"https:\/\/revelateurdevotretalent.com\/\"},{\"@type\":\"ListItem\",\"position\":2,\"name\":\"Par Qui ?\"}]},{\"@type\":\"WebSite\",\"@id\":\"https:\/\/revelateurdevotretalent.com\/#website\",\"url\":\"https:\/\/revelateurdevotretalent.com\/\",\"name\":\"R\u00e9v\u00e9lateur de votre talent\",\"description\":\"Augmenter l&#039;efficacit\u00e9 de votre entreprise\",\"publisher\":{\"@id\":\"https:\/\/revelateurdevotretalent.com\/#organization\"},\"potentialAction\":[{\"@type\":\"SearchAction\",\"target\":{\"@type\":\"EntryPoint\",\"urlTemplate\":\"https:\/\/revelateurdevotretalent.com\/?s={search_term_string}\"},\"query-input\":\"required name=search_term_string\"}],\"inLanguage\":\"fr-FR\"},{\"@type\":\"Organization\",\"@id\":\"https:\/\/revelateurdevotretalent.com\/#organization\",\"name\":\"REVELATEUR DE VOTRE TALENT\",\"url\":\"https:\/\/revelateurdevotretalent.com\/\",\"logo\":{\"@type\":\"ImageObject\",\"inLanguage\":\"fr-FR\",\"@id\":\"https:\/\/revelateurdevotretalent.com\/#\/schema\/logo\/image\/\",\"url\":\"https:\/\/revelateurdevotretalent.com\/wp-content\/uploads\/2019\/10\/Capture-carte-visite-2.png\",\"contentUrl\":\"https:\/\/revelateurdevotretalent.com\/wp-content\/uploads\/2019\/10\/Capture-carte-visite-2.png\",\"width\":1307,\"height\":605,\"caption\":\"REVELATEUR DE VOTRE TALENT\"},\"image\":{\"@id\":\"https:\/\/revelateurdevotretalent.com\/#\/schema\/logo\/image\/\"}}]}<\/script>\n<!-- \/ Yoast SEO plugin. -->","yoast_head_json":{"title":"R\u00e9v\u00e9lateur de votre talent Par Qui ?","description":"conseil - am\u00e9lioration continue - passionn\u00e9 - pers\u00e9v\u00e9rant - curieux - cr\u00e9ateur de bonne humeur - Par Qui ? - R\u00e9v\u00e9lateur de votre talent - morbihan - bretagne - auray","robots":{"index":"index","follow":"follow","max-snippet":"max-snippet:-1","max-image-preview":"max-image-preview:large","max-video-preview":"max-video-preview:-1"},"canonical":"https:\/\/revelateurdevotretalent.com\/index.php\/par-qui\/","og_locale":"fr_FR","og_type":"article","og_title":"R\u00e9v\u00e9lateur de votre talent Par Qui ?","og_description":"conseil - am\u00e9lioration continue - passionn\u00e9 - pers\u00e9v\u00e9rant - curieux - cr\u00e9ateur de bonne humeur - Par Qui ? - R\u00e9v\u00e9lateur de votre talent - morbihan - bretagne - auray","og_url":"https:\/\/revelateurdevotretalent.com\/index.php\/par-qui\/","og_site_name":"R\u00e9v\u00e9lateur de votre talent","article_modified_time":"2022-11-04T15:34:40+00:00","og_image":[{"width":1500,"height":1125,"url":"https:\/\/revelateurdevotretalent.com\/wp-content\/uploads\/2022\/11\/Revelateur-1-rev01.png","type":"image\/png"}],"twitter_card":"summary_large_image","twitter_misc":{"Dur\u00e9e de lecture estim\u00e9e":"1 minute"},"schema":{"@context":"https:\/\/schema.org","@graph":[{"@type":"WebPage","@id":"https:\/\/revelateurdevotretalent.com\/index.php\/par-qui\/","url":"https:\/\/revelateurdevotretalent.com\/index.php\/par-qui\/","name":"R\u00e9v\u00e9lateur de votre talent Par Qui ?","isPartOf":{"@id":"https:\/\/revelateurdevotretalent.com\/#website"},"primaryImageOfPage":{"@id":"https:\/\/revelateurdevotretalent.com\/index.php\/par-qui\/#primaryimage"},"image":{"@id":"https:\/\/revelateurdevotretalent.com\/index.php\/par-qui\/#primaryimage"},"thumbnailUrl":"https:\/\/revelateurdevotretalent.com\/wp-content\/uploads\/2022\/11\/Revelateur-1-rev01.png","datePublished":"2019-09-24T16:49:51+00:00","dateModified":"2022-11-04T15:34:40+00:00","description":"conseil - am\u00e9lioration continue - passionn\u00e9 - pers\u00e9v\u00e9rant - curieux - cr\u00e9ateur de bonne humeur - Par Qui ? - R\u00e9v\u00e9lateur de votre talent - morbihan - bretagne - auray","breadcrumb":{"@id":"https:\/\/revelateurdevotretalent.com\/index.php\/par-qui\/#breadcrumb"},"inLanguage":"fr-FR","potentialAction":[{"@type":"ReadAction","target":["https:\/\/revelateurdevotretalent.com\/index.php\/par-qui\/"]}]},{"@type":"ImageObject","inLanguage":"fr-FR","@id":"https:\/\/revelateurdevotretalent.com\/index.php\/par-qui\/#primaryimage","url":"https:\/\/revelateurdevotretalent.com\/wp-content\/uploads\/2022\/11\/Revelateur-1-rev01.png","contentUrl":"https:\/\/revelateurdevotretalent.com\/wp-content\/uploads\/2022\/11\/Revelateur-1-rev01.png","width":1500,"height":1125},{"@type":"BreadcrumbList","@id":"https:\/\/revelateurdevotretalent.com\/index.php\/par-qui\/#breadcrumb","itemListElement":[{"@type":"ListItem","position":1,"name":"Accueil","item":"https:\/\/revelateurdevotretalent.com\/"},{"@type":"ListItem","position":2,"name":"Par Qui ?"}]},{"@type":"WebSite","@id":"https:\/\/revelateurdevotretalent.com\/#website","url":"https:\/\/revelateurdevotretalent.com\/","name":"R\u00e9v\u00e9lateur de votre talent","description":"Augmenter l&#039;efficacit\u00e9 de votre entreprise","publisher":{"@id":"https:\/\/revelateurdevotretalent.com\/#organization"},"potentialAction":[{"@type":"SearchAction","target":{"@type":"EntryPoint","urlTemplate":"https:\/\/revelateurdevotretalent.com\/?s={search_term_string}"},"query-input":"required name=search_term_string"}],"inLanguage":"fr-FR"},{"@type":"Organization","@id":"https:\/\/revelateurdevotretalent.com\/#organization","name":"REVELATEUR DE VOTRE TALENT","url":"https:\/\/revelateurdevotretalent.com\/","logo":{"@type":"ImageObject","inLanguage":"fr-FR","@id":"https:\/\/revelateurdevotretalent.com\/#\/schema\/logo\/image\/","url":"https:\/\/revelateurdevotretalent.com\/wp-content\/uploads\/2019\/10\/Capture-carte-visite-2.png","contentUrl":"https:\/\/revelateurdevotretalent.com\/wp-content\/uploads\/2019\/10\/Capture-carte-visite-2.png","width":1307,"height":605,"caption":"REVELATEUR DE VOTRE TALENT"},"image":{"@id":"https:\/\/revelateurdevotretalent.com\/#\/schema\/logo\/image\/"}}]}},"_links":{"self":[{"href":"https:\/\/revelateurdevotretalent.com\/index.php\/wp-json\/wp\/v2\/pages\/22"}],"collection":[{"href":"https:\/\/revelateurdevotretalent.com\/index.php\/wp-json\/wp\/v2\/pages"}],"about":[{"href":"https:\/\/revelateurdevotretalent.com\/index.php\/wp-json\/wp\/v2\/types\/page"}],"author":[{"embeddable":true,"href":"https:\/\/revelateurdevotretalent.com\/index.php\/wp-json\/wp\/v2\/users\/1"}],"replies":[{"embeddable":true,"href":"https:\/\/revelateurdevotretalent.com\/index.php\/wp-json\/wp\/v2\/comments?post=22"}],"version-history":[{"count":36,"href":"https:\/\/revelateurdevotretalent.com\/index.php\/wp-json\/wp\/v2\/pages\/22\/revisions"}],"predecessor-version":[{"id":547,"href":"https:\/\/revelateurdevotretalent.com\/index.php\/wp-json\/wp\/v2\/pages\/22\/revisions\/547"}],"wp:featuredmedia":[{"embeddable":true,"href":"https:\/\/revelateurdevotretalent.com\/index.php\/wp-json\/wp\/v2\/media\/451"}],"wp:attachment":[{"href":"https:\/\/revelateurdevotretalent.com\/index.php\/wp-json\/wp\/v2\/media?parent=22"}],"curies":[{"name":"wp","href":"https:\/\/api.w.org\/{rel}","templated":true}]}}