{"id":207,"date":"2019-11-02T15:56:22","date_gmt":"2019-11-02T14:56:22","guid":{"rendered":"http:\/\/revelateurdevotretalent.com\/?page_id=207"},"modified":"2022-11-04T16:37:38","modified_gmt":"2022-11-04T15:37:38","slug":"contact-revelateur-de-votre-talent","status":"publish","type":"page","link":"https:\/\/revelateurdevotretalent.com\/index.php\/contact-revelateur-de-votre-talent\/","title":{"rendered":"Contact"},"content":{"rendered":"\t\t<div data-elementor-type=\"wp-page\" data-elementor-id=\"207\" class=\"elementor elementor-207\">\n\t\t\t\t\t\t<section class=\"elementor-section elementor-top-section elementor-element elementor-element-105414b elementor-section-boxed elementor-section-height-default elementor-section-height-default\" data-id=\"105414b\" data-element_type=\"section\">\n\t\t\t\t\t\t<div class=\"elementor-container elementor-column-gap-default\">\n\t\t\t\t\t<div class=\"elementor-column elementor-col-100 elementor-top-column elementor-element elementor-element-4659237\" data-id=\"4659237\" data-element_type=\"column\">\n\t\t\t<div class=\"elementor-widget-wrap elementor-element-populated\">\n\t\t\t\t\t\t<div class=\"elementor-element elementor-element-c5689c2 elementor-widget-divider--view-line elementor-widget elementor-widget-divider\" data-id=\"c5689c2\" data-element_type=\"widget\" data-widget_type=\"divider.default\">\n\t\t\t\t<div class=\"elementor-widget-container\">\n\t\t\t\t\t<div class=\"elementor-divider\">\n\t\t\t<span class=\"elementor-divider-separator\">\n\t\t\t\t\t\t<\/span>\n\t\t<\/div>\n\t\t\t\t<\/div>\n\t\t\t\t<\/div>\n\t\t\t\t\t<\/div>\n\t\t<\/div>\n\t\t\t\t\t<\/div>\n\t\t<\/section>\n\t\t\t\t<section class=\"elementor-section elementor-top-section elementor-element elementor-element-e9e9daa elementor-section-boxed elementor-section-height-default elementor-section-height-default\" data-id=\"e9e9daa\" data-element_type=\"section\">\n\t\t\t\t\t\t<div class=\"elementor-container elementor-column-gap-default\">\n\t\t\t\t\t<div class=\"elementor-column elementor-col-100 elementor-top-column elementor-element elementor-element-18ab508\" data-id=\"18ab508\" data-element_type=\"column\">\n\t\t\t<div class=\"elementor-widget-wrap elementor-element-populated\">\n\t\t\t\t\t\t<div class=\"elementor-element elementor-element-b4fb2f9 elementor-widget elementor-widget-image\" data-id=\"b4fb2f9\" data-element_type=\"widget\" data-settings=\"{&quot;_animation&quot;:&quot;none&quot;}\" data-widget_type=\"image.default\">\n\t\t\t\t<div class=\"elementor-widget-container\">\n\t\t\t\t\t\t\t\t\t\t<figure class=\"wp-caption\">\n\t\t\t\t\t\t\t\t\t\t\t<a href=\"https:\/\/www.google.com\/maps\/place\/11+Rue+du+Leurch,+56400+Auray\/@47.6617414,-2.983487,17z\/data=!3m1!4b1!4m5!3m4!1s0x481014146f81c667:0x12aa46d18d922d12!8m2!3d47.6617414!4d-2.983487\" target=\"_blank\">\n\t\t\t\t\t\t\t<img fetchpriority=\"high\" decoding=\"async\" width=\"525\" height=\"394\" src=\"https:\/\/revelateurdevotretalent.com\/wp-content\/uploads\/2022\/11\/Venir-02-1024x768.png\" class=\"attachment-large size-large wp-image-460\" alt=\"\" srcset=\"https:\/\/revelateurdevotretalent.com\/wp-content\/uploads\/2022\/11\/Venir-02-1024x768.png 1024w, https:\/\/revelateurdevotretalent.com\/wp-content\/uploads\/2022\/11\/Venir-02-300x225.png 300w, https:\/\/revelateurdevotretalent.com\/wp-content\/uploads\/2022\/11\/Venir-02-768x576.png 768w, https:\/\/revelateurdevotretalent.com\/wp-content\/uploads\/2022\/11\/Venir-02-1536x1152.png 1536w, https:\/\/revelateurdevotretalent.com\/wp-content\/uploads\/2022\/11\/Venir-02-2048x1536.png 2048w\" sizes=\"100vw\" \/>\t\t\t\t\t\t\t\t<\/a>\n\t\t\t\t\t\t\t\t\t\t\t<figcaption class=\"widget-image-caption wp-caption-text\"><\/figcaption>\n\t\t\t\t\t\t\t\t\t\t<\/figure>\n\t\t\t\t\t\t\t<\/div>\n\t\t\t\t<\/div>\n\t\t\t\t\t<\/div>\n\t\t<\/div>\n\t\t\t\t\t<\/div>\n\t\t<\/section>\n\t\t\t\t<section class=\"elementor-section elementor-top-section elementor-element elementor-element-a149b51 elementor-section-boxed elementor-section-height-default elementor-section-height-default\" data-id=\"a149b51\" data-element_type=\"section\">\n\t\t\t\t\t\t<div class=\"elementor-container elementor-column-gap-default\">\n\t\t\t\t\t<div class=\"elementor-column elementor-col-100 elementor-top-column elementor-element elementor-element-f1e29f2\" data-id=\"f1e29f2\" data-element_type=\"column\">\n\t\t\t<div class=\"elementor-widget-wrap elementor-element-populated\">\n\t\t\t\t\t\t<div class=\"elementor-element elementor-element-cb4fd33 elementor-widget-divider--view-line elementor-widget elementor-widget-divider\" data-id=\"cb4fd33\" data-element_type=\"widget\" data-widget_type=\"divider.default\">\n\t\t\t\t<div class=\"elementor-widget-container\">\n\t\t\t\t\t<div class=\"elementor-divider\">\n\t\t\t<span class=\"elementor-divider-separator\">\n\t\t\t\t\t\t<\/span>\n\t\t<\/div>\n\t\t\t\t<\/div>\n\t\t\t\t<\/div>\n\t\t\t\t\t<\/div>\n\t\t<\/div>\n\t\t\t\t\t<\/div>\n\t\t<\/section>\n\t\t\t\t<section class=\"elementor-section elementor-top-section elementor-element elementor-element-b641f4a elementor-section-boxed elementor-section-height-default elementor-section-height-default\" data-id=\"b641f4a\" data-element_type=\"section\">\n\t\t\t\t\t\t<div class=\"elementor-container elementor-column-gap-default\">\n\t\t\t\t\t<div class=\"elementor-column elementor-col-100 elementor-top-column elementor-element elementor-element-d084227\" data-id=\"d084227\" data-element_type=\"column\">\n\t\t\t<div class=\"elementor-widget-wrap elementor-element-populated\">\n\t\t\t\t\t\t<div class=\"elementor-element elementor-element-27f59ba elementor-widget elementor-widget-image\" data-id=\"27f59ba\" data-element_type=\"widget\" data-settings=\"{&quot;_animation&quot;:&quot;none&quot;}\" data-widget_type=\"image.default\">\n\t\t\t\t<div class=\"elementor-widget-container\">\n\t\t\t\t\t\t\t\t\t\t<figure class=\"wp-caption\">\n\t\t\t\t\t\t\t\t\t\t<img decoding=\"async\" width=\"525\" height=\"350\" src=\"https:\/\/revelateurdevotretalent.com\/wp-content\/uploads\/2022\/11\/APPELER-02-1024x683.png\" class=\"attachment-large size-large wp-image-459\" alt=\"\" srcset=\"https:\/\/revelateurdevotretalent.com\/wp-content\/uploads\/2022\/11\/APPELER-02-1024x683.png 1024w, https:\/\/revelateurdevotretalent.com\/wp-content\/uploads\/2022\/11\/APPELER-02-300x200.png 300w, https:\/\/revelateurdevotretalent.com\/wp-content\/uploads\/2022\/11\/APPELER-02-768x512.png 768w, https:\/\/revelateurdevotretalent.com\/wp-content\/uploads\/2022\/11\/APPELER-02-1536x1024.png 1536w, https:\/\/revelateurdevotretalent.com\/wp-content\/uploads\/2022\/11\/APPELER-02-2048x1365.png 2048w\" sizes=\"100vw\" \/>\t\t\t\t\t\t\t\t\t\t\t<figcaption class=\"widget-image-caption wp-caption-text\"><\/figcaption>\n\t\t\t\t\t\t\t\t\t\t<\/figure>\n\t\t\t\t\t\t\t<\/div>\n\t\t\t\t<\/div>\n\t\t\t\t\t<\/div>\n\t\t<\/div>\n\t\t\t\t\t<\/div>\n\t\t<\/section>\n\t\t\t\t<section class=\"elementor-section elementor-top-section elementor-element elementor-element-e911438 elementor-section-boxed elementor-section-height-default elementor-section-height-default\" data-id=\"e911438\" data-element_type=\"section\">\n\t\t\t\t\t\t<div class=\"elementor-container elementor-column-gap-default\">\n\t\t\t\t\t<div class=\"elementor-column elementor-col-100 elementor-top-column elementor-element elementor-element-0d03d42\" data-id=\"0d03d42\" data-element_type=\"column\">\n\t\t\t<div class=\"elementor-widget-wrap elementor-element-populated\">\n\t\t\t\t\t\t<div class=\"elementor-element elementor-element-c46026f elementor-widget-divider--view-line elementor-widget elementor-widget-divider\" data-id=\"c46026f\" data-element_type=\"widget\" data-widget_type=\"divider.default\">\n\t\t\t\t<div class=\"elementor-widget-container\">\n\t\t\t\t\t<div class=\"elementor-divider\">\n\t\t\t<span class=\"elementor-divider-separator\">\n\t\t\t\t\t\t<\/span>\n\t\t<\/div>\n\t\t\t\t<\/div>\n\t\t\t\t<\/div>\n\t\t\t\t\t<\/div>\n\t\t<\/div>\n\t\t\t\t\t<\/div>\n\t\t<\/section>\n\t\t\t\t<section class=\"elementor-section elementor-top-section elementor-element elementor-element-5e02e6d elementor-section-boxed elementor-section-height-default elementor-section-height-default\" data-id=\"5e02e6d\" data-element_type=\"section\">\n\t\t\t\t\t\t<div class=\"elementor-container elementor-column-gap-default\">\n\t\t\t\t\t<div class=\"elementor-column elementor-col-100 elementor-top-column elementor-element elementor-element-fc8c345\" data-id=\"fc8c345\" data-element_type=\"column\">\n\t\t\t<div class=\"elementor-widget-wrap elementor-element-populated\">\n\t\t\t\t\t\t<div class=\"elementor-element elementor-element-e17e718 elementor-widget elementor-widget-image\" data-id=\"e17e718\" data-element_type=\"widget\" data-settings=\"{&quot;_animation&quot;:&quot;none&quot;}\" data-widget_type=\"image.default\">\n\t\t\t\t<div class=\"elementor-widget-container\">\n\t\t\t\t\t\t\t\t\t\t<figure class=\"wp-caption\">\n\t\t\t\t\t\t\t\t\t\t<img decoding=\"async\" width=\"525\" height=\"340\" src=\"https:\/\/revelateurdevotretalent.com\/wp-content\/uploads\/2022\/11\/EMAIL-01-1024x664.png\" class=\"attachment-large size-large wp-image-461\" alt=\"\" srcset=\"https:\/\/revelateurdevotretalent.com\/wp-content\/uploads\/2022\/11\/EMAIL-01-1024x664.png 1024w, https:\/\/revelateurdevotretalent.com\/wp-content\/uploads\/2022\/11\/EMAIL-01-300x195.png 300w, https:\/\/revelateurdevotretalent.com\/wp-content\/uploads\/2022\/11\/EMAIL-01-768x498.png 768w, https:\/\/revelateurdevotretalent.com\/wp-content\/uploads\/2022\/11\/EMAIL-01-1536x997.png 1536w, https:\/\/revelateurdevotretalent.com\/wp-content\/uploads\/2022\/11\/EMAIL-01-2048x1329.png 2048w\" sizes=\"100vw\" \/>\t\t\t\t\t\t\t\t\t\t\t<figcaption class=\"widget-image-caption wp-caption-text\"><\/figcaption>\n\t\t\t\t\t\t\t\t\t\t<\/figure>\n\t\t\t\t\t\t\t<\/div>\n\t\t\t\t<\/div>\n\t\t\t\t\t<\/div>\n\t\t<\/div>\n\t\t\t\t\t<\/div>\n\t\t<\/section>\n\t\t\t\t<section class=\"elementor-section elementor-top-section elementor-element elementor-element-10e57e0 elementor-section-boxed elementor-section-height-default elementor-section-height-default\" data-id=\"10e57e0\" data-element_type=\"section\">\n\t\t\t\t\t\t<div class=\"elementor-container elementor-column-gap-default\">\n\t\t\t\t\t<div class=\"elementor-column elementor-col-100 elementor-top-column elementor-element elementor-element-f9e65ac\" data-id=\"f9e65ac\" data-element_type=\"column\">\n\t\t\t<div class=\"elementor-widget-wrap elementor-element-populated\">\n\t\t\t\t\t\t<div class=\"elementor-element elementor-element-44039d8 elementor-widget-divider--view-line elementor-widget elementor-widget-divider\" data-id=\"44039d8\" data-element_type=\"widget\" data-widget_type=\"divider.default\">\n\t\t\t\t<div class=\"elementor-widget-container\">\n\t\t\t\t\t<div class=\"elementor-divider\">\n\t\t\t<span class=\"elementor-divider-separator\">\n\t\t\t\t\t\t<\/span>\n\t\t<\/div>\n\t\t\t\t<\/div>\n\t\t\t\t<\/div>\n\t\t\t\t\t<\/div>\n\t\t<\/div>\n\t\t\t\t\t<\/div>\n\t\t<\/section>\n\t\t\t\t<\/div>\n\t\t","protected":false},"excerpt":{"rendered":"","protected":false},"author":1,"featured_media":454,"parent":0,"menu_order":0,"comment_status":"closed","ping_status":"closed","template":"","meta":{"footnotes":""},"yoast_head":"<!-- This site is optimized with the Yoast SEO plugin v22.5 - https:\/\/yoast.com\/wordpress\/plugins\/seo\/ -->\n<title>Contact - R\u00e9v\u00e9lateur de votre talent - organisation entreprise -<\/title>\n<meta name=\"description\" content=\"R\u00e9v\u00e9lateur de votre talent - Contact - organisation- entreprise- auray - morbihan - am\u00e9lioration continue -\" \/>\n<meta name=\"robots\" content=\"index, follow, max-snippet:-1, max-image-preview:large, max-video-preview:-1\" \/>\n<link rel=\"canonical\" href=\"https:\/\/revelateurdevotretalent.com\/index.php\/contact-revelateur-de-votre-talent\/\" \/>\n<meta property=\"og:locale\" content=\"fr_FR\" \/>\n<meta property=\"og:type\" content=\"article\" \/>\n<meta property=\"og:title\" content=\"Contact - R\u00e9v\u00e9lateur de votre talent - organisation entreprise -\" \/>\n<meta property=\"og:description\" content=\"R\u00e9v\u00e9lateur de votre talent - Contact - organisation- entreprise- auray - morbihan - am\u00e9lioration continue -\" \/>\n<meta property=\"og:url\" content=\"https:\/\/revelateurdevotretalent.com\/index.php\/contact-revelateur-de-votre-talent\/\" \/>\n<meta property=\"og:site_name\" content=\"R\u00e9v\u00e9lateur de votre talent\" \/>\n<meta property=\"article:modified_time\" content=\"2022-11-04T15:37:38+00:00\" \/>\n<meta property=\"og:image\" content=\"https:\/\/revelateurdevotretalent.com\/wp-content\/uploads\/2022\/11\/Image1-CONTACT.png\" \/>\n\t<meta property=\"og:image:width\" content=\"1500\" \/>\n\t<meta property=\"og:image:height\" content=\"1125\" \/>\n\t<meta property=\"og:image:type\" content=\"image\/png\" \/>\n<meta name=\"twitter:card\" content=\"summary_large_image\" \/>\n<meta name=\"twitter:label1\" content=\"Dur\u00e9e de lecture estim\u00e9e\" \/>\n\t<meta name=\"twitter:data1\" content=\"1 minute\" \/>\n<script type=\"application\/ld+json\" class=\"yoast-schema-graph\">{\"@context\":\"https:\/\/schema.org\",\"@graph\":[{\"@type\":\"WebPage\",\"@id\":\"https:\/\/revelateurdevotretalent.com\/index.php\/contact-revelateur-de-votre-talent\/\",\"url\":\"https:\/\/revelateurdevotretalent.com\/index.php\/contact-revelateur-de-votre-talent\/\",\"name\":\"Contact - R\u00e9v\u00e9lateur de votre talent - organisation entreprise -\",\"isPartOf\":{\"@id\":\"https:\/\/revelateurdevotretalent.com\/#website\"},\"primaryImageOfPage\":{\"@id\":\"https:\/\/revelateurdevotretalent.com\/index.php\/contact-revelateur-de-votre-talent\/#primaryimage\"},\"image\":{\"@id\":\"https:\/\/revelateurdevotretalent.com\/index.php\/contact-revelateur-de-votre-talent\/#primaryimage\"},\"thumbnailUrl\":\"https:\/\/revelateurdevotretalent.com\/wp-content\/uploads\/2022\/11\/Image1-CONTACT.png\",\"datePublished\":\"2019-11-02T14:56:22+00:00\",\"dateModified\":\"2022-11-04T15:37:38+00:00\",\"description\":\"R\u00e9v\u00e9lateur de votre talent - Contact - organisation- entreprise- auray - morbihan - am\u00e9lioration continue -\",\"breadcrumb\":{\"@id\":\"https:\/\/revelateurdevotretalent.com\/index.php\/contact-revelateur-de-votre-talent\/#breadcrumb\"},\"inLanguage\":\"fr-FR\",\"potentialAction\":[{\"@type\":\"ReadAction\",\"target\":[\"https:\/\/revelateurdevotretalent.com\/index.php\/contact-revelateur-de-votre-talent\/\"]}]},{\"@type\":\"ImageObject\",\"inLanguage\":\"fr-FR\",\"@id\":\"https:\/\/revelateurdevotretalent.com\/index.php\/contact-revelateur-de-votre-talent\/#primaryimage\",\"url\":\"https:\/\/revelateurdevotretalent.com\/wp-content\/uploads\/2022\/11\/Image1-CONTACT.png\",\"contentUrl\":\"https:\/\/revelateurdevotretalent.com\/wp-content\/uploads\/2022\/11\/Image1-CONTACT.png\",\"width\":1500,\"height\":1125},{\"@type\":\"BreadcrumbList\",\"@id\":\"https:\/\/revelateurdevotretalent.com\/index.php\/contact-revelateur-de-votre-talent\/#breadcrumb\",\"itemListElement\":[{\"@type\":\"ListItem\",\"position\":1,\"name\":\"Accueil\",\"item\":\"https:\/\/revelateurdevotretalent.com\/\"},{\"@type\":\"ListItem\",\"position\":2,\"name\":\"Contact\"}]},{\"@type\":\"WebSite\",\"@id\":\"https:\/\/revelateurdevotretalent.com\/#website\",\"url\":\"https:\/\/revelateurdevotretalent.com\/\",\"name\":\"R\u00e9v\u00e9lateur de votre talent\",\"description\":\"Augmenter l&#039;efficacit\u00e9 de votre entreprise\",\"publisher\":{\"@id\":\"https:\/\/revelateurdevotretalent.com\/#organization\"},\"potentialAction\":[{\"@type\":\"SearchAction\",\"target\":{\"@type\":\"EntryPoint\",\"urlTemplate\":\"https:\/\/revelateurdevotretalent.com\/?s={search_term_string}\"},\"query-input\":\"required name=search_term_string\"}],\"inLanguage\":\"fr-FR\"},{\"@type\":\"Organization\",\"@id\":\"https:\/\/revelateurdevotretalent.com\/#organization\",\"name\":\"REVELATEUR DE VOTRE TALENT\",\"url\":\"https:\/\/revelateurdevotretalent.com\/\",\"logo\":{\"@type\":\"ImageObject\",\"inLanguage\":\"fr-FR\",\"@id\":\"https:\/\/revelateurdevotretalent.com\/#\/schema\/logo\/image\/\",\"url\":\"https:\/\/revelateurdevotretalent.com\/wp-content\/uploads\/2019\/10\/Capture-carte-visite-2.png\",\"contentUrl\":\"https:\/\/revelateurdevotretalent.com\/wp-content\/uploads\/2019\/10\/Capture-carte-visite-2.png\",\"width\":1307,\"height\":605,\"caption\":\"REVELATEUR DE VOTRE TALENT\"},\"image\":{\"@id\":\"https:\/\/revelateurdevotretalent.com\/#\/schema\/logo\/image\/\"}}]}<\/script>\n<!-- \/ Yoast SEO plugin. -->","yoast_head_json":{"title":"Contact - R\u00e9v\u00e9lateur de votre talent - organisation entreprise -","description":"R\u00e9v\u00e9lateur de votre talent - Contact - organisation- entreprise- auray - morbihan - am\u00e9lioration continue -","robots":{"index":"index","follow":"follow","max-snippet":"max-snippet:-1","max-image-preview":"max-image-preview:large","max-video-preview":"max-video-preview:-1"},"canonical":"https:\/\/revelateurdevotretalent.com\/index.php\/contact-revelateur-de-votre-talent\/","og_locale":"fr_FR","og_type":"article","og_title":"Contact - R\u00e9v\u00e9lateur de votre talent - organisation entreprise -","og_description":"R\u00e9v\u00e9lateur de votre talent - Contact - organisation- entreprise- auray - morbihan - am\u00e9lioration continue -","og_url":"https:\/\/revelateurdevotretalent.com\/index.php\/contact-revelateur-de-votre-talent\/","og_site_name":"R\u00e9v\u00e9lateur de votre talent","article_modified_time":"2022-11-04T15:37:38+00:00","og_image":[{"width":1500,"height":1125,"url":"https:\/\/revelateurdevotretalent.com\/wp-content\/uploads\/2022\/11\/Image1-CONTACT.png","type":"image\/png"}],"twitter_card":"summary_large_image","twitter_misc":{"Dur\u00e9e de lecture estim\u00e9e":"1 minute"},"schema":{"@context":"https:\/\/schema.org","@graph":[{"@type":"WebPage","@id":"https:\/\/revelateurdevotretalent.com\/index.php\/contact-revelateur-de-votre-talent\/","url":"https:\/\/revelateurdevotretalent.com\/index.php\/contact-revelateur-de-votre-talent\/","name":"Contact - R\u00e9v\u00e9lateur de votre talent - organisation entreprise -","isPartOf":{"@id":"https:\/\/revelateurdevotretalent.com\/#website"},"primaryImageOfPage":{"@id":"https:\/\/revelateurdevotretalent.com\/index.php\/contact-revelateur-de-votre-talent\/#primaryimage"},"image":{"@id":"https:\/\/revelateurdevotretalent.com\/index.php\/contact-revelateur-de-votre-talent\/#primaryimage"},"thumbnailUrl":"https:\/\/revelateurdevotretalent.com\/wp-content\/uploads\/2022\/11\/Image1-CONTACT.png","datePublished":"2019-11-02T14:56:22+00:00","dateModified":"2022-11-04T15:37:38+00:00","description":"R\u00e9v\u00e9lateur de votre talent - Contact - organisation- entreprise- auray - morbihan - am\u00e9lioration continue -","breadcrumb":{"@id":"https:\/\/revelateurdevotretalent.com\/index.php\/contact-revelateur-de-votre-talent\/#breadcrumb"},"inLanguage":"fr-FR","potentialAction":[{"@type":"ReadAction","target":["https:\/\/revelateurdevotretalent.com\/index.php\/contact-revelateur-de-votre-talent\/"]}]},{"@type":"ImageObject","inLanguage":"fr-FR","@id":"https:\/\/revelateurdevotretalent.com\/index.php\/contact-revelateur-de-votre-talent\/#primaryimage","url":"https:\/\/revelateurdevotretalent.com\/wp-content\/uploads\/2022\/11\/Image1-CONTACT.png","contentUrl":"https:\/\/revelateurdevotretalent.com\/wp-content\/uploads\/2022\/11\/Image1-CONTACT.png","width":1500,"height":1125},{"@type":"BreadcrumbList","@id":"https:\/\/revelateurdevotretalent.com\/index.php\/contact-revelateur-de-votre-talent\/#breadcrumb","itemListElement":[{"@type":"ListItem","position":1,"name":"Accueil","item":"https:\/\/revelateurdevotretalent.com\/"},{"@type":"ListItem","position":2,"name":"Contact"}]},{"@type":"WebSite","@id":"https:\/\/revelateurdevotretalent.com\/#website","url":"https:\/\/revelateurdevotretalent.com\/","name":"R\u00e9v\u00e9lateur de votre talent","description":"Augmenter l&#039;efficacit\u00e9 de votre entreprise","publisher":{"@id":"https:\/\/revelateurdevotretalent.com\/#organization"},"potentialAction":[{"@type":"SearchAction","target":{"@type":"EntryPoint","urlTemplate":"https:\/\/revelateurdevotretalent.com\/?s={search_term_string}"},"query-input":"required name=search_term_string"}],"inLanguage":"fr-FR"},{"@type":"Organization","@id":"https:\/\/revelateurdevotretalent.com\/#organization","name":"REVELATEUR DE VOTRE TALENT","url":"https:\/\/revelateurdevotretalent.com\/","logo":{"@type":"ImageObject","inLanguage":"fr-FR","@id":"https:\/\/revelateurdevotretalent.com\/#\/schema\/logo\/image\/","url":"https:\/\/revelateurdevotretalent.com\/wp-content\/uploads\/2019\/10\/Capture-carte-visite-2.png","contentUrl":"https:\/\/revelateurdevotretalent.com\/wp-content\/uploads\/2019\/10\/Capture-carte-visite-2.png","width":1307,"height":605,"caption":"REVELATEUR DE VOTRE TALENT"},"image":{"@id":"https:\/\/revelateurdevotretalent.com\/#\/schema\/logo\/image\/"}}]}},"_links":{"self":[{"href":"https:\/\/revelateurdevotretalent.com\/index.php\/wp-json\/wp\/v2\/pages\/207"}],"collection":[{"href":"https:\/\/revelateurdevotretalent.com\/index.php\/wp-json\/wp\/v2\/pages"}],"about":[{"href":"https:\/\/revelateurdevotretalent.com\/index.php\/wp-json\/wp\/v2\/types\/page"}],"author":[{"embeddable":true,"href":"https:\/\/revelateurdevotretalent.com\/index.php\/wp-json\/wp\/v2\/users\/1"}],"replies":[{"embeddable":true,"href":"https:\/\/revelateurdevotretalent.com\/index.php\/wp-json\/wp\/v2\/comments?post=207"}],"version-history":[{"count":86,"href":"https:\/\/revelateurdevotretalent.com\/index.php\/wp-json\/wp\/v2\/pages\/207\/revisions"}],"predecessor-version":[{"id":550,"href":"https:\/\/revelateurdevotretalent.com\/index.php\/wp-json\/wp\/v2\/pages\/207\/revisions\/550"}],"wp:featuredmedia":[{"embeddable":true,"href":"https:\/\/revelateurdevotretalent.com\/index.php\/wp-json\/wp\/v2\/media\/454"}],"wp:attachment":[{"href":"https:\/\/revelateurdevotretalent.com\/index.php\/wp-json\/wp\/v2\/media?parent=207"}],"curies":[{"name":"wp","href":"https:\/\/api.w.org\/{rel}","templated":true}]}}