{"id":133,"date":"2019-10-05T18:38:08","date_gmt":"2019-10-05T16:38:08","guid":{"rendered":"http:\/\/revelateurdevotretalent.com\/?page_id=133"},"modified":"2022-11-09T15:44:23","modified_gmt":"2022-11-09T14:44:23","slug":"contributeurs","status":"publish","type":"page","link":"https:\/\/revelateurdevotretalent.com\/index.php\/contributeurs\/","title":{"rendered":"Contributeurs"},"content":{"rendered":"\n<h2 class=\"wp-block-heading\">Prends Tes Palmes &amp; Ton Tuba<\/h2>\n\n\n\n<p>Merci beaucoup \u00e0 <a rel=\"noreferrer noopener\" aria-label=\"Sarah Jarnoux (s\u2019ouvre dans un nouvel onglet)\" href=\"http:\/\/prendstespalmes.com\/index.html\" target=\"_blank\">Prends Tes Palmes &amp; Ton Tuba<\/a> &#8230; Sarah poss\u00e8de un talent exceptionnel !<\/p>\n\n\n\n<p>Elle a cr\u00e9\u00e9, pour ce site,  des visuels en ad\u00e9quation compl\u00e8te avec mes id\u00e9es et mes envies.  Ses propositions ont \u00e9t\u00e9 tr\u00e8s pertinentes.<\/p>\n\n\n\n<p>Bravo !<\/p>\n\n\n\n<figure class=\"wp-block-image size-full\"><img fetchpriority=\"high\" decoding=\"async\" width=\"590\" height=\"323\" src=\"https:\/\/revelateurdevotretalent.com\/wp-content\/uploads\/2019\/10\/Capture-PTPTT.png\" alt=\"\" class=\"wp-image-135\" srcset=\"https:\/\/revelateurdevotretalent.com\/wp-content\/uploads\/2019\/10\/Capture-PTPTT.png 590w, https:\/\/revelateurdevotretalent.com\/wp-content\/uploads\/2019\/10\/Capture-PTPTT-300x164.png 300w\" sizes=\"(max-width: 590px) 100vw, 590px\" \/><\/figure>\n\n\n\n<h2 class=\"wp-block-heading\">Activ&rsquo;Cr\u00e9a<\/h2>\n\n\n\n<p>Le parcours Activ&rsquo;Cr\u00e9a propos\u00e9 par <a rel=\"noreferrer noopener\" aria-label=\"P\u00f4le emploi (s\u2019ouvre dans un nouvel onglet)\" href=\"https:\/\/www.pole-emploi.fr\/candidat\/activ-crea-@\/article.jspz?id=325937\" target=\"_blank\">P\u00f4le emploi<\/a> et la <a rel=\"noreferrer noopener\" aria-label=\"BGE (s\u2019ouvre dans un nouvel onglet)\" href=\"https:\/\/www.bge.asso.fr\/\" target=\"_blank\">BGE<\/a> a \u00e9t\u00e9 un \u00e9l\u00e9ment majeur pour la r\u00e9ussite de mon projet.<\/p>\n\n\n\n<p>Merci !<\/p>\n\n\n\n<h2 class=\"wp-block-heading\">CCRE 56<\/h2>\n\n\n\n<p>Un club d&rsquo;entrepreneurs bienveillants&#8230; C&rsquo;est par <a href=\"https:\/\/www.ccre56.com\/\" target=\"_blank\" rel=\"noreferrer noopener\"><span class=\"has-inline-color has-vivid-cyan-blue-color\"><strong>l\u00e0<\/strong><\/span><\/a>&#8230;.<\/p>\n\n\n\n<p>Merci !<\/p>\n\n\n\n<figure class=\"wp-block-image size-full\"><img decoding=\"async\" width=\"324\" height=\"359\" src=\"https:\/\/revelateurdevotretalent.com\/wp-content\/uploads\/2022\/11\/Capture-LOGO-CCRE56.jpg\" alt=\"\" class=\"wp-image-569\" srcset=\"https:\/\/revelateurdevotretalent.com\/wp-content\/uploads\/2022\/11\/Capture-LOGO-CCRE56.jpg 324w, https:\/\/revelateurdevotretalent.com\/wp-content\/uploads\/2022\/11\/Capture-LOGO-CCRE56-271x300.jpg 271w\" sizes=\"(max-width: 324px) 100vw, 324px\" \/><\/figure>\n\n\n\n<p><\/p>\n","protected":false},"excerpt":{"rendered":"<p>Prends Tes Palmes &amp; Ton Tuba Merci beaucoup \u00e0 Prends Tes Palmes &amp; Ton Tuba &#8230; Sarah poss\u00e8de un talent exceptionnel ! Elle a cr\u00e9\u00e9, pour ce site, des visuels en ad\u00e9quation compl\u00e8te avec mes id\u00e9es et mes envies. Ses propositions ont \u00e9t\u00e9 tr\u00e8s pertinentes. Bravo ! Activ&rsquo;Cr\u00e9a Le parcours Activ&rsquo;Cr\u00e9a propos\u00e9 par P\u00f4le emploi &hellip; <\/p>\n<p class=\"link-more\"><a href=\"https:\/\/revelateurdevotretalent.com\/index.php\/contributeurs\/\" class=\"more-link\">Continuer la lecture<span class=\"screen-reader-text\"> de &laquo;&nbsp;Contributeurs&nbsp;&raquo;<\/span><\/a><\/p>\n","protected":false},"author":1,"featured_media":157,"parent":0,"menu_order":0,"comment_status":"closed","ping_status":"closed","template":"","meta":{"footnotes":""},"yoast_head":"<!-- This site is optimized with the Yoast SEO plugin v22.5 - https:\/\/yoast.com\/wordpress\/plugins\/seo\/ -->\n<title>Contributeurs - R\u00e9v\u00e9lateur de votre talent<\/title>\n<meta name=\"description\" content=\"R\u00e9v\u00e9lateur de votre talent Sarah Jarnoux - prends tes palmes et ton tuba - http:\/\/prendstespalmes.com\/ - graphiste ind\u00e9pendante -\" \/>\n<meta name=\"robots\" content=\"index, follow, max-snippet:-1, max-image-preview:large, max-video-preview:-1\" \/>\n<link rel=\"canonical\" href=\"https:\/\/revelateurdevotretalent.com\/index.php\/contributeurs\/\" \/>\n<meta property=\"og:locale\" content=\"fr_FR\" \/>\n<meta property=\"og:type\" content=\"article\" \/>\n<meta property=\"og:title\" content=\"Contributeurs - R\u00e9v\u00e9lateur de votre talent\" \/>\n<meta property=\"og:description\" content=\"R\u00e9v\u00e9lateur de votre talent Sarah Jarnoux - prends tes palmes et ton tuba - http:\/\/prendstespalmes.com\/ - graphiste ind\u00e9pendante -\" \/>\n<meta property=\"og:url\" content=\"https:\/\/revelateurdevotretalent.com\/index.php\/contributeurs\/\" \/>\n<meta property=\"og:site_name\" content=\"R\u00e9v\u00e9lateur de votre talent\" \/>\n<meta property=\"article:modified_time\" content=\"2022-11-09T14:44:23+00:00\" \/>\n<meta property=\"og:image\" content=\"https:\/\/revelateurdevotretalent.com\/wp-content\/uploads\/2019\/10\/Revelateur-4.png\" \/>\n\t<meta property=\"og:image:width\" content=\"772\" \/>\n\t<meta property=\"og:image:height\" content=\"387\" \/>\n\t<meta property=\"og:image:type\" content=\"image\/png\" \/>\n<meta name=\"twitter:card\" content=\"summary_large_image\" \/>\n<meta name=\"twitter:label1\" content=\"Dur\u00e9e de lecture estim\u00e9e\" \/>\n\t<meta name=\"twitter:data1\" content=\"1 minute\" \/>\n<script type=\"application\/ld+json\" class=\"yoast-schema-graph\">{\"@context\":\"https:\/\/schema.org\",\"@graph\":[{\"@type\":\"WebPage\",\"@id\":\"https:\/\/revelateurdevotretalent.com\/index.php\/contributeurs\/\",\"url\":\"https:\/\/revelateurdevotretalent.com\/index.php\/contributeurs\/\",\"name\":\"Contributeurs - R\u00e9v\u00e9lateur de votre talent\",\"isPartOf\":{\"@id\":\"https:\/\/revelateurdevotretalent.com\/#website\"},\"primaryImageOfPage\":{\"@id\":\"https:\/\/revelateurdevotretalent.com\/index.php\/contributeurs\/#primaryimage\"},\"image\":{\"@id\":\"https:\/\/revelateurdevotretalent.com\/index.php\/contributeurs\/#primaryimage\"},\"thumbnailUrl\":\"https:\/\/revelateurdevotretalent.com\/wp-content\/uploads\/2019\/10\/Revelateur-4.png\",\"datePublished\":\"2019-10-05T16:38:08+00:00\",\"dateModified\":\"2022-11-09T14:44:23+00:00\",\"description\":\"R\u00e9v\u00e9lateur de votre talent Sarah Jarnoux - prends tes palmes et ton tuba - http:\/\/prendstespalmes.com\/ - graphiste ind\u00e9pendante -\",\"breadcrumb\":{\"@id\":\"https:\/\/revelateurdevotretalent.com\/index.php\/contributeurs\/#breadcrumb\"},\"inLanguage\":\"fr-FR\",\"potentialAction\":[{\"@type\":\"ReadAction\",\"target\":[\"https:\/\/revelateurdevotretalent.com\/index.php\/contributeurs\/\"]}]},{\"@type\":\"ImageObject\",\"inLanguage\":\"fr-FR\",\"@id\":\"https:\/\/revelateurdevotretalent.com\/index.php\/contributeurs\/#primaryimage\",\"url\":\"https:\/\/revelateurdevotretalent.com\/wp-content\/uploads\/2019\/10\/Revelateur-4.png\",\"contentUrl\":\"https:\/\/revelateurdevotretalent.com\/wp-content\/uploads\/2019\/10\/Revelateur-4.png\",\"width\":772,\"height\":387},{\"@type\":\"BreadcrumbList\",\"@id\":\"https:\/\/revelateurdevotretalent.com\/index.php\/contributeurs\/#breadcrumb\",\"itemListElement\":[{\"@type\":\"ListItem\",\"position\":1,\"name\":\"Accueil\",\"item\":\"https:\/\/revelateurdevotretalent.com\/\"},{\"@type\":\"ListItem\",\"position\":2,\"name\":\"Contributeurs\"}]},{\"@type\":\"WebSite\",\"@id\":\"https:\/\/revelateurdevotretalent.com\/#website\",\"url\":\"https:\/\/revelateurdevotretalent.com\/\",\"name\":\"R\u00e9v\u00e9lateur de votre talent\",\"description\":\"Augmenter l&#039;efficacit\u00e9 de votre entreprise\",\"publisher\":{\"@id\":\"https:\/\/revelateurdevotretalent.com\/#organization\"},\"potentialAction\":[{\"@type\":\"SearchAction\",\"target\":{\"@type\":\"EntryPoint\",\"urlTemplate\":\"https:\/\/revelateurdevotretalent.com\/?s={search_term_string}\"},\"query-input\":\"required name=search_term_string\"}],\"inLanguage\":\"fr-FR\"},{\"@type\":\"Organization\",\"@id\":\"https:\/\/revelateurdevotretalent.com\/#organization\",\"name\":\"REVELATEUR DE VOTRE TALENT\",\"url\":\"https:\/\/revelateurdevotretalent.com\/\",\"logo\":{\"@type\":\"ImageObject\",\"inLanguage\":\"fr-FR\",\"@id\":\"https:\/\/revelateurdevotretalent.com\/#\/schema\/logo\/image\/\",\"url\":\"https:\/\/revelateurdevotretalent.com\/wp-content\/uploads\/2019\/10\/Capture-carte-visite-2.png\",\"contentUrl\":\"https:\/\/revelateurdevotretalent.com\/wp-content\/uploads\/2019\/10\/Capture-carte-visite-2.png\",\"width\":1307,\"height\":605,\"caption\":\"REVELATEUR DE VOTRE TALENT\"},\"image\":{\"@id\":\"https:\/\/revelateurdevotretalent.com\/#\/schema\/logo\/image\/\"}}]}<\/script>\n<!-- \/ Yoast SEO plugin. -->","yoast_head_json":{"title":"Contributeurs - R\u00e9v\u00e9lateur de votre talent","description":"R\u00e9v\u00e9lateur de votre talent Sarah Jarnoux - prends tes palmes et ton tuba - http:\/\/prendstespalmes.com\/ - graphiste ind\u00e9pendante -","robots":{"index":"index","follow":"follow","max-snippet":"max-snippet:-1","max-image-preview":"max-image-preview:large","max-video-preview":"max-video-preview:-1"},"canonical":"https:\/\/revelateurdevotretalent.com\/index.php\/contributeurs\/","og_locale":"fr_FR","og_type":"article","og_title":"Contributeurs - R\u00e9v\u00e9lateur de votre talent","og_description":"R\u00e9v\u00e9lateur de votre talent Sarah Jarnoux - prends tes palmes et ton tuba - http:\/\/prendstespalmes.com\/ - graphiste ind\u00e9pendante -","og_url":"https:\/\/revelateurdevotretalent.com\/index.php\/contributeurs\/","og_site_name":"R\u00e9v\u00e9lateur de votre talent","article_modified_time":"2022-11-09T14:44:23+00:00","og_image":[{"width":772,"height":387,"url":"https:\/\/revelateurdevotretalent.com\/wp-content\/uploads\/2019\/10\/Revelateur-4.png","type":"image\/png"}],"twitter_card":"summary_large_image","twitter_misc":{"Dur\u00e9e de lecture estim\u00e9e":"1 minute"},"schema":{"@context":"https:\/\/schema.org","@graph":[{"@type":"WebPage","@id":"https:\/\/revelateurdevotretalent.com\/index.php\/contributeurs\/","url":"https:\/\/revelateurdevotretalent.com\/index.php\/contributeurs\/","name":"Contributeurs - R\u00e9v\u00e9lateur de votre talent","isPartOf":{"@id":"https:\/\/revelateurdevotretalent.com\/#website"},"primaryImageOfPage":{"@id":"https:\/\/revelateurdevotretalent.com\/index.php\/contributeurs\/#primaryimage"},"image":{"@id":"https:\/\/revelateurdevotretalent.com\/index.php\/contributeurs\/#primaryimage"},"thumbnailUrl":"https:\/\/revelateurdevotretalent.com\/wp-content\/uploads\/2019\/10\/Revelateur-4.png","datePublished":"2019-10-05T16:38:08+00:00","dateModified":"2022-11-09T14:44:23+00:00","description":"R\u00e9v\u00e9lateur de votre talent Sarah Jarnoux - prends tes palmes et ton tuba - http:\/\/prendstespalmes.com\/ - graphiste ind\u00e9pendante -","breadcrumb":{"@id":"https:\/\/revelateurdevotretalent.com\/index.php\/contributeurs\/#breadcrumb"},"inLanguage":"fr-FR","potentialAction":[{"@type":"ReadAction","target":["https:\/\/revelateurdevotretalent.com\/index.php\/contributeurs\/"]}]},{"@type":"ImageObject","inLanguage":"fr-FR","@id":"https:\/\/revelateurdevotretalent.com\/index.php\/contributeurs\/#primaryimage","url":"https:\/\/revelateurdevotretalent.com\/wp-content\/uploads\/2019\/10\/Revelateur-4.png","contentUrl":"https:\/\/revelateurdevotretalent.com\/wp-content\/uploads\/2019\/10\/Revelateur-4.png","width":772,"height":387},{"@type":"BreadcrumbList","@id":"https:\/\/revelateurdevotretalent.com\/index.php\/contributeurs\/#breadcrumb","itemListElement":[{"@type":"ListItem","position":1,"name":"Accueil","item":"https:\/\/revelateurdevotretalent.com\/"},{"@type":"ListItem","position":2,"name":"Contributeurs"}]},{"@type":"WebSite","@id":"https:\/\/revelateurdevotretalent.com\/#website","url":"https:\/\/revelateurdevotretalent.com\/","name":"R\u00e9v\u00e9lateur de votre talent","description":"Augmenter l&#039;efficacit\u00e9 de votre entreprise","publisher":{"@id":"https:\/\/revelateurdevotretalent.com\/#organization"},"potentialAction":[{"@type":"SearchAction","target":{"@type":"EntryPoint","urlTemplate":"https:\/\/revelateurdevotretalent.com\/?s={search_term_string}"},"query-input":"required name=search_term_string"}],"inLanguage":"fr-FR"},{"@type":"Organization","@id":"https:\/\/revelateurdevotretalent.com\/#organization","name":"REVELATEUR DE VOTRE TALENT","url":"https:\/\/revelateurdevotretalent.com\/","logo":{"@type":"ImageObject","inLanguage":"fr-FR","@id":"https:\/\/revelateurdevotretalent.com\/#\/schema\/logo\/image\/","url":"https:\/\/revelateurdevotretalent.com\/wp-content\/uploads\/2019\/10\/Capture-carte-visite-2.png","contentUrl":"https:\/\/revelateurdevotretalent.com\/wp-content\/uploads\/2019\/10\/Capture-carte-visite-2.png","width":1307,"height":605,"caption":"REVELATEUR DE VOTRE TALENT"},"image":{"@id":"https:\/\/revelateurdevotretalent.com\/#\/schema\/logo\/image\/"}}]}},"_links":{"self":[{"href":"https:\/\/revelateurdevotretalent.com\/index.php\/wp-json\/wp\/v2\/pages\/133"}],"collection":[{"href":"https:\/\/revelateurdevotretalent.com\/index.php\/wp-json\/wp\/v2\/pages"}],"about":[{"href":"https:\/\/revelateurdevotretalent.com\/index.php\/wp-json\/wp\/v2\/types\/page"}],"author":[{"embeddable":true,"href":"https:\/\/revelateurdevotretalent.com\/index.php\/wp-json\/wp\/v2\/users\/1"}],"replies":[{"embeddable":true,"href":"https:\/\/revelateurdevotretalent.com\/index.php\/wp-json\/wp\/v2\/comments?post=133"}],"version-history":[{"count":14,"href":"https:\/\/revelateurdevotretalent.com\/index.php\/wp-json\/wp\/v2\/pages\/133\/revisions"}],"predecessor-version":[{"id":570,"href":"https:\/\/revelateurdevotretalent.com\/index.php\/wp-json\/wp\/v2\/pages\/133\/revisions\/570"}],"wp:featuredmedia":[{"embeddable":true,"href":"https:\/\/revelateurdevotretalent.com\/index.php\/wp-json\/wp\/v2\/media\/157"}],"wp:attachment":[{"href":"https:\/\/revelateurdevotretalent.com\/index.php\/wp-json\/wp\/v2\/media?parent=133"}],"curies":[{"name":"wp","href":"https:\/\/api.w.org\/{rel}","templated":true}]}}